{"id":34884067,"date":"2024-02-05T16:38:37","date_gmt":"2024-02-05T21:38:37","guid":{"rendered":"https:\/\/www.octeaujoaillier.com\/?page_id=34884067"},"modified":"2024-02-05T16:38:37","modified_gmt":"2024-02-05T21:38:37","slug":"remontage-de-colliers-de-perles","status":"publish","type":"page","link":"https:\/\/www.octeaujoaillier.com\/en\/nos-services\/remontage-de-colliers-de-perles\/","title":{"rendered":"Reassembly of pearl necklaces"},"content":{"rendered":"<section class=\"wpb-content-wrapper\"><div data-vc-full-width=\"true\" data-vc-full-width-init=\"false\" class=\"vc_row wpb_row vc_row-fluid section-services vc_row-o-equal-height vc_row-o-content-middle vc_row-flex\"><div class=\"wpb_column vc_column_container vc_col-sm-6\"><div class=\"vc_column-inner\"><div class=\"wpb_wrapper\">\n\t<div  class=\"wpb_single_image wpb_content_element vc_align_left   section-services-img\">\n\t\t\n\t\t<figure class=\"wpb_wrapper vc_figure\">\n\t\t\t<div class=\"vc_single_image-wrapper vc_box_circle  vc_box_border_grey\"><img loading=\"lazy\" decoding=\"async\" class=\"vc_single_image-img\" src=\"https:\/\/www.octeaujoaillier.com\/wp-content\/uploads\/2018\/03\/pearl-2407275_1920-e1521325245311-600x600.jpg\" width=\"600\" height=\"600\" alt=\"Perles\" title=\"Perles\" \/><\/div>\n\t\t<\/figure>\n\t<\/div>\n<\/div><\/div><\/div><div class=\"wpb_column vc_column_container vc_col-sm-6\"><div class=\"vc_column-inner\"><div class=\"wpb_wrapper\">\n\t<div class=\"wpb_text_column wpb_content_element  cute-text\" >\n\t\t<div class=\"wpb_wrapper\">\n\t\t\t<p>Over time, normal wear and tear is created on your pearl necklaces and bracelets. They get longer and can break. At Vincent Octeau Joaillier, we can restring your pearl jewelry with or without knots.<\/p>\n<p>There are also a multitude of clasps for bracelets and pearl necklaces that we can get, in steel, silver or gold. The clasp can even be used as a jewel on your necklace and can be worn both in the front and in the back.<\/p>\n\n\t\t<\/div>\n\t<\/div>\n<\/div><\/div><\/div><\/div><div class=\"vc_row-full-width vc_clearfix\"><\/div>\n<\/section>","protected":false},"excerpt":{"rendered":"Avec le temps, une usure normale se cr\u00e9e sur vos colliers et bracelets de perles. Ils s'allongent et peuvent se briser. Chez Vincent Octeau Joaillier, vous pouvez faire remonter votre bijou de perles avec o\u00f9 sans n\u0153uds. Il existe \u00e9galement une multitude de fermoirs pour bracelets et colliers de perles que nous pouvons nous procurer, en acier, argent ou or.&hellip;","protected":false},"author":7,"featured_media":2015,"parent":428,"menu_order":0,"comment_status":"closed","ping_status":"closed","template":"","meta":{"footnotes":""},"class_list":["post-34884067","page","type-page","status-publish","has-post-thumbnail","hentry"],"_links":{"self":[{"href":"https:\/\/www.octeaujoaillier.com\/en\/wp-json\/wp\/v2\/pages\/34884067"}],"collection":[{"href":"https:\/\/www.octeaujoaillier.com\/en\/wp-json\/wp\/v2\/pages"}],"about":[{"href":"https:\/\/www.octeaujoaillier.com\/en\/wp-json\/wp\/v2\/types\/page"}],"author":[{"embeddable":true,"href":"https:\/\/www.octeaujoaillier.com\/en\/wp-json\/wp\/v2\/users\/7"}],"replies":[{"embeddable":true,"href":"https:\/\/www.octeaujoaillier.com\/en\/wp-json\/wp\/v2\/comments?post=34884067"}],"version-history":[{"count":1,"href":"https:\/\/www.octeaujoaillier.com\/en\/wp-json\/wp\/v2\/pages\/34884067\/revisions"}],"predecessor-version":[{"id":34884072,"href":"https:\/\/www.octeaujoaillier.com\/en\/wp-json\/wp\/v2\/pages\/34884067\/revisions\/34884072"}],"up":[{"embeddable":true,"href":"https:\/\/www.octeaujoaillier.com\/en\/wp-json\/wp\/v2\/pages\/428"}],"wp:featuredmedia":[{"embeddable":true,"href":"https:\/\/www.octeaujoaillier.com\/en\/wp-json\/wp\/v2\/media\/2015"}],"wp:attachment":[{"href":"https:\/\/www.octeaujoaillier.com\/en\/wp-json\/wp\/v2\/media?parent=34884067"}],"curies":[{"name":"wp","href":"https:\/\/api.w.org\/{rel}","templated":true}]}}