{"id":34884073,"date":"2024-02-05T16:43:34","date_gmt":"2024-02-05T21:43:34","guid":{"rendered":"https:\/\/www.octeaujoaillier.com\/?page_id=34884073"},"modified":"2024-02-05T16:49:24","modified_gmt":"2024-02-05T21:49:24","slug":"percage-oreilles","status":"publish","type":"page","link":"https:\/\/www.octeaujoaillier.com\/en\/nos-services\/percage-oreilles\/","title":{"rendered":"Ear piercing"},"content":{"rendered":"<section class=\"wpb-content-wrapper\"><div data-vc-full-width=\"true\" data-vc-full-width-init=\"false\" class=\"vc_row wpb_row vc_row-fluid section-services vc_row-o-equal-height vc_row-o-content-middle vc_row-flex\"><div class=\"wpb_column vc_column_container vc_col-sm-6\"><div class=\"vc_column-inner\"><div class=\"wpb_wrapper\">\n\t<div  class=\"wpb_single_image wpb_content_element vc_align_left   section-services-img\">\n\t\t\n\t\t<figure class=\"wpb_wrapper vc_figure\">\n\t\t\t<div class=\"vc_single_image-wrapper vc_box_circle  vc_box_border_grey\"><img loading=\"lazy\" decoding=\"async\" width=\"300\" height=\"300\" src=\"https:\/\/www.octeaujoaillier.com\/wp-content\/uploads\/2016\/10\/Girl_1-300x300.jpg\" class=\"vc_single_image-img attachment-medium\" alt=\"\" title=\"Oreilles\" srcset=\"https:\/\/www.octeaujoaillier.com\/wp-content\/uploads\/2016\/10\/Girl_1-300x300.jpg 300w, https:\/\/www.octeaujoaillier.com\/wp-content\/uploads\/2016\/10\/Girl_1-e1521836378550-350x350.jpg 350w, https:\/\/www.octeaujoaillier.com\/wp-content\/uploads\/2016\/10\/Girl_1-e1521836378550-100x100.jpg 100w, https:\/\/www.octeaujoaillier.com\/wp-content\/uploads\/2016\/10\/Girl_1-e1521836378550-64x64.jpg 64w, https:\/\/www.octeaujoaillier.com\/wp-content\/uploads\/2016\/10\/Girl_1-e1521836378550-600x600.jpg 600w, https:\/\/www.octeaujoaillier.com\/wp-content\/uploads\/2016\/10\/Girl_1-150x150.jpg 150w, https:\/\/www.octeaujoaillier.com\/wp-content\/uploads\/2016\/10\/Girl_1-768x768.jpg 768w, https:\/\/www.octeaujoaillier.com\/wp-content\/uploads\/2016\/10\/Girl_1-1024x1024.jpg 1024w, https:\/\/www.octeaujoaillier.com\/wp-content\/uploads\/2016\/10\/Girl_1-370x370.jpg 370w, https:\/\/www.octeaujoaillier.com\/wp-content\/uploads\/2016\/10\/Girl_1-90x90.jpg 90w, https:\/\/www.octeaujoaillier.com\/wp-content\/uploads\/2016\/10\/Girl_1-770x770.jpg 770w, https:\/\/www.octeaujoaillier.com\/wp-content\/uploads\/2016\/10\/Girl_1-e1521836378550.jpg 900w\" sizes=\"(max-width: 300px) 100vw, 300px\" \/><\/div>\n\t\t<\/figure>\n\t<\/div>\n<\/div><\/div><\/div><div class=\"wpb_column vc_column_container vc_col-sm-6\"><div class=\"vc_column-inner\"><div class=\"wpb_wrapper\">\n\t<div class=\"wpb_text_column wpb_content_element  cute-text\" >\n\t\t<div class=\"wpb_wrapper\">\n\t\t\t<p>We use the <a href=\"https:\/\/www.bfly.ca\/collection-bfly-par-iverness\/\" target=\"_blank\" rel=\"noopener noreferrer nofollow\">inverness ear piercing system<\/a>, used in over 40 countries around the world. It is a safe, sterile and fast system. Each piercing studs are in a protective disposable capsule and are released at the precise moment when the ear is pierced, which guarantees an hygienic and safe piercing.<\/p>\n<p>You can choose from our large selection of 14k gold and medical grade stainless steel ear piercer, with the possibility of having a 24k plating.<\/p>\n<p>We would like to inform you that ear piercing will only be performed if there is verbal consent from the person receiving the service.<\/p>\n\n\t\t<\/div>\n\t<\/div>\n<\/div><\/div><\/div><\/div><div class=\"vc_row-full-width vc_clearfix\"><\/div>\n<\/section>","protected":false},"excerpt":{"rendered":"Nous utilisons le syst\u00e8me de per\u00e7age Inverness, utilis\u00e9 dans plus de 40 pays dans le monde. C'est un syst\u00e8me s\u00e9curitaire, st\u00e9rile et rapide. Chaque boucles-perceur sont dans une capsule protectrice \u00e0 usage unique et sont lib\u00e9r\u00e9 au moment pr\u00e9cis ou l'oreille est percer, se qui garanti un per\u00e7age hygi\u00e9nique et s\u00e9curitaire. Vous pourrez choisir parmi notre grand choix de boucle-perceur&hellip;","protected":false},"author":7,"featured_media":2160,"parent":428,"menu_order":0,"comment_status":"closed","ping_status":"closed","template":"","meta":{"footnotes":""},"class_list":["post-34884073","page","type-page","status-publish","has-post-thumbnail","hentry"],"_links":{"self":[{"href":"https:\/\/www.octeaujoaillier.com\/en\/wp-json\/wp\/v2\/pages\/34884073"}],"collection":[{"href":"https:\/\/www.octeaujoaillier.com\/en\/wp-json\/wp\/v2\/pages"}],"about":[{"href":"https:\/\/www.octeaujoaillier.com\/en\/wp-json\/wp\/v2\/types\/page"}],"author":[{"embeddable":true,"href":"https:\/\/www.octeaujoaillier.com\/en\/wp-json\/wp\/v2\/users\/7"}],"replies":[{"embeddable":true,"href":"https:\/\/www.octeaujoaillier.com\/en\/wp-json\/wp\/v2\/comments?post=34884073"}],"version-history":[{"count":1,"href":"https:\/\/www.octeaujoaillier.com\/en\/wp-json\/wp\/v2\/pages\/34884073\/revisions"}],"predecessor-version":[{"id":34884074,"href":"https:\/\/www.octeaujoaillier.com\/en\/wp-json\/wp\/v2\/pages\/34884073\/revisions\/34884074"}],"up":[{"embeddable":true,"href":"https:\/\/www.octeaujoaillier.com\/en\/wp-json\/wp\/v2\/pages\/428"}],"wp:featuredmedia":[{"embeddable":true,"href":"https:\/\/www.octeaujoaillier.com\/en\/wp-json\/wp\/v2\/media\/2160"}],"wp:attachment":[{"href":"https:\/\/www.octeaujoaillier.com\/en\/wp-json\/wp\/v2\/media?parent=34884073"}],"curies":[{"name":"wp","href":"https:\/\/api.w.org\/{rel}","templated":true}]}}