{"id":34884075,"date":"2024-02-05T16:54:43","date_gmt":"2024-02-05T21:54:43","guid":{"rendered":"https:\/\/www.octeaujoaillier.com\/?page_id=34884075"},"modified":"2024-02-05T16:56:13","modified_gmt":"2024-02-05T21:56:13","slug":"gravure","status":"publish","type":"page","link":"https:\/\/www.octeaujoaillier.com\/en\/nos-services\/gravure\/","title":{"rendered":"Engraving"},"content":{"rendered":"<section class=\"wpb-content-wrapper\"><div data-vc-full-width=\"true\" data-vc-full-width-init=\"false\" class=\"vc_row wpb_row vc_row-fluid section-services vc_row-o-equal-height vc_row-o-content-middle vc_row-flex\"><div class=\"wpb_column vc_column_container vc_col-sm-6\"><div class=\"vc_column-inner\"><div class=\"wpb_wrapper\">\n\t<div  class=\"wpb_single_image wpb_content_element vc_align_left   section-services-img\">\n\t\t\n\t\t<figure class=\"wpb_wrapper vc_figure\">\n\t\t\t<div class=\"vc_single_image-wrapper vc_box_circle  vc_box_border_grey\"><img loading=\"lazy\" decoding=\"async\" class=\"vc_single_image-img\" src=\"https:\/\/www.octeaujoaillier.com\/wp-content\/uploads\/2018\/03\/jeans-361602_1920-e1521324170505-600x600.jpg\" width=\"600\" height=\"600\" alt=\"Gravure\" title=\"Engraving\" \/><\/div>\n\t\t<\/figure>\n\t<\/div>\n<\/div><\/div><\/div><div class=\"wpb_column vc_column_container vc_col-sm-6\"><div class=\"vc_column-inner\"><div class=\"wpb_wrapper\">\n\t<div class=\"wpb_text_column wpb_content_element  cute-text\" >\n\t\t<div class=\"wpb_wrapper\">\n\t\t\t<p>We can customize your watches or jewelry, whether new or used, with an engraving of the calligraphy of your choice. Whether it's a name, a date, a logo or even the face of a loved one, if the size of the item to be engraved is sufficient, nothing is impossible.<\/p>\n\n\t\t<\/div>\n\t<\/div>\n<\/div><\/div><\/div><\/div><div class=\"vc_row-full-width vc_clearfix\"><\/div>\n<\/section>","protected":false},"excerpt":{"rendered":"Nous pouvons personnaliser vos montres ou vos bijoux, qu'ils soient neufs ou usag\u00e9s, avec une gravure de la calligraphie de votre choix. Que ce soit un nom, une date, un logo ou m\u00eame le visage d'un \u00eatre cher, si la dimension de la pi\u00e8ce \u00e0 graver est suffisante, rien n'est impossible.","protected":false},"author":7,"featured_media":2013,"parent":428,"menu_order":0,"comment_status":"closed","ping_status":"closed","template":"","meta":{"footnotes":""},"class_list":["post-34884075","page","type-page","status-publish","has-post-thumbnail","hentry"],"_links":{"self":[{"href":"https:\/\/www.octeaujoaillier.com\/en\/wp-json\/wp\/v2\/pages\/34884075"}],"collection":[{"href":"https:\/\/www.octeaujoaillier.com\/en\/wp-json\/wp\/v2\/pages"}],"about":[{"href":"https:\/\/www.octeaujoaillier.com\/en\/wp-json\/wp\/v2\/types\/page"}],"author":[{"embeddable":true,"href":"https:\/\/www.octeaujoaillier.com\/en\/wp-json\/wp\/v2\/users\/7"}],"replies":[{"embeddable":true,"href":"https:\/\/www.octeaujoaillier.com\/en\/wp-json\/wp\/v2\/comments?post=34884075"}],"version-history":[{"count":1,"href":"https:\/\/www.octeaujoaillier.com\/en\/wp-json\/wp\/v2\/pages\/34884075\/revisions"}],"predecessor-version":[{"id":34884076,"href":"https:\/\/www.octeaujoaillier.com\/en\/wp-json\/wp\/v2\/pages\/34884075\/revisions\/34884076"}],"up":[{"embeddable":true,"href":"https:\/\/www.octeaujoaillier.com\/en\/wp-json\/wp\/v2\/pages\/428"}],"wp:featuredmedia":[{"embeddable":true,"href":"https:\/\/www.octeaujoaillier.com\/en\/wp-json\/wp\/v2\/media\/2013"}],"wp:attachment":[{"href":"https:\/\/www.octeaujoaillier.com\/en\/wp-json\/wp\/v2\/media?parent=34884075"}],"curies":[{"name":"wp","href":"https:\/\/api.w.org\/{rel}","templated":true}]}}