{"id":34884077,"date":"2024-02-05T16:58:34","date_gmt":"2024-02-05T21:58:34","guid":{"rendered":"https:\/\/www.octeaujoaillier.com\/?page_id=34884077"},"modified":"2024-02-05T17:07:35","modified_gmt":"2024-02-05T22:07:35","slug":"reparations-montures-lunettes","status":"publish","type":"page","link":"https:\/\/www.octeaujoaillier.com\/en\/nos-services\/reparations-montures-lunettes\/","title":{"rendered":"Eyeglasses frames"},"content":{"rendered":"<section class=\"wpb-content-wrapper\"><div data-vc-full-width=\"true\" data-vc-full-width-init=\"false\" class=\"vc_row wpb_row vc_row-fluid section-services vc_row-o-equal-height vc_row-o-content-middle vc_row-flex\"><div class=\"wpb_column vc_column_container vc_col-sm-6\"><div class=\"vc_column-inner\"><div class=\"wpb_wrapper\">\n\t<div  class=\"wpb_single_image wpb_content_element vc_align_left   section-services-img\">\n\t\t\n\t\t<figure class=\"wpb_wrapper vc_figure\">\n\t\t\t<div class=\"vc_single_image-wrapper vc_box_circle  vc_box_border_grey\"><img loading=\"lazy\" decoding=\"async\" class=\"vc_single_image-img\" src=\"https:\/\/www.octeaujoaillier.com\/wp-content\/uploads\/2016\/10\/glasses-731831_1920-e1521321915990-900x900.jpg\" width=\"900\" height=\"900\" alt=\"Lunettes3\" title=\"Lunettes3\" \/><\/div>\n\t\t<\/figure>\n\t<\/div>\n<\/div><\/div><\/div><div class=\"wpb_column vc_column_container vc_col-sm-6\"><div class=\"vc_column-inner\"><div class=\"wpb_wrapper\">\n\t<div class=\"wpb_text_column wpb_content_element  cute-text\" >\n\t\t<div class=\"wpb_wrapper\">\n\t\t\t<p>You will no longer have to get rid of your glasses for a long time with our new Orion laser machine, repairs to your eyeglasses frames are done on site during the same day.<\/p>\n\n\t\t<\/div>\n\t<\/div>\n<\/div><\/div><\/div><\/div><div class=\"vc_row-full-width vc_clearfix\"><\/div>\n<\/section>","protected":false},"excerpt":{"rendered":"Vous n'aurez plus \u00e0 vous d\u00e9partir de vos lunettes pour une longue p\u00e9riode puisqu'avec notre nouvelle machine au laser Orion, les r\u00e9parations de vos montures se font sur place pendant la m\u00eame journ\u00e9e.","protected":false},"author":7,"featured_media":2008,"parent":428,"menu_order":0,"comment_status":"closed","ping_status":"closed","template":"","meta":{"footnotes":""},"class_list":["post-34884077","page","type-page","status-publish","has-post-thumbnail","hentry"],"_links":{"self":[{"href":"https:\/\/www.octeaujoaillier.com\/en\/wp-json\/wp\/v2\/pages\/34884077"}],"collection":[{"href":"https:\/\/www.octeaujoaillier.com\/en\/wp-json\/wp\/v2\/pages"}],"about":[{"href":"https:\/\/www.octeaujoaillier.com\/en\/wp-json\/wp\/v2\/types\/page"}],"author":[{"embeddable":true,"href":"https:\/\/www.octeaujoaillier.com\/en\/wp-json\/wp\/v2\/users\/7"}],"replies":[{"embeddable":true,"href":"https:\/\/www.octeaujoaillier.com\/en\/wp-json\/wp\/v2\/comments?post=34884077"}],"version-history":[{"count":1,"href":"https:\/\/www.octeaujoaillier.com\/en\/wp-json\/wp\/v2\/pages\/34884077\/revisions"}],"predecessor-version":[{"id":34884080,"href":"https:\/\/www.octeaujoaillier.com\/en\/wp-json\/wp\/v2\/pages\/34884077\/revisions\/34884080"}],"up":[{"embeddable":true,"href":"https:\/\/www.octeaujoaillier.com\/en\/wp-json\/wp\/v2\/pages\/428"}],"wp:featuredmedia":[{"embeddable":true,"href":"https:\/\/www.octeaujoaillier.com\/en\/wp-json\/wp\/v2\/media\/2008"}],"wp:attachment":[{"href":"https:\/\/www.octeaujoaillier.com\/en\/wp-json\/wp\/v2\/media?parent=34884077"}],"curies":[{"name":"wp","href":"https:\/\/api.w.org\/{rel}","templated":true}]}}