{"id":34884087,"date":"2024-02-05T17:09:40","date_gmt":"2024-02-05T22:09:40","guid":{"rendered":"https:\/\/www.octeaujoaillier.com\/?page_id=34884087"},"modified":"2024-02-05T17:09:40","modified_gmt":"2024-02-05T22:09:40","slug":"estimes-pour-assurances","status":"publish","type":"page","link":"https:\/\/www.octeaujoaillier.com\/en\/nos-services\/estimes-pour-assurances\/","title":{"rendered":"Jewelry appraisal"},"content":{"rendered":"<section class=\"wpb-content-wrapper\"><div data-vc-full-width=\"true\" data-vc-full-width-init=\"false\" class=\"vc_row wpb_row vc_row-fluid section-services vc_row-o-equal-height vc_row-o-content-middle vc_row-flex\"><div class=\"wpb_column vc_column_container vc_col-sm-6\"><div class=\"vc_column-inner\"><div class=\"wpb_wrapper\">\n\t<div  class=\"wpb_single_image wpb_content_element vc_align_left   section-services-img\">\n\t\t\n\t\t<figure class=\"wpb_wrapper vc_figure\">\n\t\t\t<div class=\"vc_single_image-wrapper vc_box_circle  vc_box_border_grey\"><img loading=\"lazy\" decoding=\"async\" class=\"vc_single_image-img\" src=\"https:\/\/www.octeaujoaillier.com\/wp-content\/uploads\/2018\/03\/sapphire-ring-2119613_1920-e1521410830464-675x675.jpg\" width=\"675\" height=\"675\" alt=\"Saphire\" title=\"Saphire\" \/><\/div>\n\t\t<\/figure>\n\t<\/div>\n<\/div><\/div><\/div><div class=\"wpb_column vc_column_container vc_col-sm-6\"><div class=\"vc_column-inner\"><div class=\"wpb_wrapper\">\n\t<div class=\"wpb_text_column wpb_content_element  cute-text\" >\n\t\t<div class=\"wpb_wrapper\">\n\t\t\t<p>Vincent Octeau Joaillier can provide you with peace of mind by writing you a detailed certificate. The type of stones, their quality and quantity, the gold karat and the weight will appear. There will also be a photo and the value of the jewelry and diamonds. Our certificates are accepted by all insurance companies.<\/p>\n\n\t\t<\/div>\n\t<\/div>\n<\/div><\/div><\/div><\/div><div class=\"vc_row-full-width vc_clearfix\"><\/div>\n<\/section>","protected":false},"excerpt":{"rendered":"Vincent Octeau joaillier peut vous assurer une tranquillit\u00e9 d'esprit en vous r\u00e9digeant un certificat d\u00e9taill\u00e9. Le type de pierres, leur qualit\u00e9 et quantit\u00e9, le karat de l'or et le poids figureront y sera inscrit. Il y aura \u00e9galement une photo et la valeur du bijou et diamants. Nos certificats sont accept\u00e9s par toutes les compagnies d'assurance.","protected":false},"author":7,"featured_media":2054,"parent":428,"menu_order":0,"comment_status":"closed","ping_status":"closed","template":"","meta":{"footnotes":""},"class_list":["post-34884087","page","type-page","status-publish","has-post-thumbnail","hentry"],"_links":{"self":[{"href":"https:\/\/www.octeaujoaillier.com\/en\/wp-json\/wp\/v2\/pages\/34884087"}],"collection":[{"href":"https:\/\/www.octeaujoaillier.com\/en\/wp-json\/wp\/v2\/pages"}],"about":[{"href":"https:\/\/www.octeaujoaillier.com\/en\/wp-json\/wp\/v2\/types\/page"}],"author":[{"embeddable":true,"href":"https:\/\/www.octeaujoaillier.com\/en\/wp-json\/wp\/v2\/users\/7"}],"replies":[{"embeddable":true,"href":"https:\/\/www.octeaujoaillier.com\/en\/wp-json\/wp\/v2\/comments?post=34884087"}],"version-history":[{"count":1,"href":"https:\/\/www.octeaujoaillier.com\/en\/wp-json\/wp\/v2\/pages\/34884087\/revisions"}],"predecessor-version":[{"id":34884088,"href":"https:\/\/www.octeaujoaillier.com\/en\/wp-json\/wp\/v2\/pages\/34884087\/revisions\/34884088"}],"up":[{"embeddable":true,"href":"https:\/\/www.octeaujoaillier.com\/en\/wp-json\/wp\/v2\/pages\/428"}],"wp:featuredmedia":[{"embeddable":true,"href":"https:\/\/www.octeaujoaillier.com\/en\/wp-json\/wp\/v2\/media\/2054"}],"wp:attachment":[{"href":"https:\/\/www.octeaujoaillier.com\/en\/wp-json\/wp\/v2\/media?parent=34884087"}],"curies":[{"name":"wp","href":"https:\/\/api.w.org\/{rel}","templated":true}]}}