{"id":424,"date":"2016-10-06T09:30:06","date_gmt":"2016-10-06T09:30:06","guid":{"rendered":"http:\/\/custom-made.dv.axiomthemes.com\/?page_id=424"},"modified":"2025-04-11T08:03:51","modified_gmt":"2025-04-11T12:03:51","slug":"nous-joindre","status":"publish","type":"page","link":"https:\/\/www.octeaujoaillier.com\/en\/nous-joindre\/","title":{"rendered":"Contact us"},"content":{"rendered":"<section class=\"wpb-content-wrapper\"><div data-vc-full-width=\"true\" data-vc-full-width-init=\"false\" class=\"vc_row wpb_row vc_row-fluid vc_custom_1522556422281 scheme_default\"><div class=\"wpb_column vc_column_container vc_col-sm-2\"><div class=\"vc_column-inner vc_custom_1521937889032\"><div class=\"wpb_wrapper\"><\/div><\/div><\/div><div class=\"wpb_column vc_column_container vc_col-sm-8\"><div class=\"vc_column-inner\"><div class=\"wpb_wrapper\">\n\t<div class=\"wpb_text_column wpb_content_element  vc_custom_1522954413694\" >\n\t\t<div class=\"wpb_wrapper\">\n\t\t\t<h3>Octeau Jeweller and Watchmaker in Sainte-Julie<\/h3>\n\n\t\t<\/div>\n\t<\/div>\n\n\t<div class=\"wpb_text_column wpb_content_element  vc_custom_1522954144201 cute-text-small scheme_default\" >\n\t\t<div class=\"wpb_wrapper\">\n\t\t\t<p>For jewelry creation, jewelry repair and watchmaking services, call on the expertise and passion of Vincent Octeau Joaillier in Sainte-Julie. Contact us to let us know your ideas and needs for your jewelry.<\/p>\n\n\t\t<\/div>\n\t<\/div>\n<\/div><\/div><\/div><div class=\"wpb_column vc_column_container vc_col-sm-2\"><div class=\"vc_column-inner\"><div class=\"wpb_wrapper\"><\/div><\/div><\/div><\/div><div class=\"vc_row-full-width vc_clearfix\"><\/div><div data-vc-full-width=\"true\" data-vc-full-width-init=\"false\" data-vc-stretch-content=\"true\" class=\"vc_row wpb_row vc_row-fluid vc_custom_1593969898878 vc_row-no-padding vc_row-o-equal-height vc_row-o-content-middle vc_row-flex scheme_dark\"><div class=\"paral wpb_column vc_column_container vc_col-sm-5\"><div class=\"vc_column-inner\"><div class=\"wpb_wrapper\">\n\t<div  class=\"wpb_single_image wpb_content_element vc_align_left\">\n\t\t\n\t\t<figure class=\"wpb_wrapper vc_figure\">\n\t\t\t<div class=\"vc_single_image-wrapper   vc_box_border_grey\"><img loading=\"lazy\" decoding=\"async\" width=\"1024\" height=\"765\" src=\"https:\/\/www.octeaujoaillier.com\/wp-content\/uploads\/2018\/03\/contact.jpg\" class=\"vc_single_image-img attachment-full\" alt=\"\" title=\"contact\" srcset=\"https:\/\/www.octeaujoaillier.com\/wp-content\/uploads\/2018\/03\/contact.jpg 1024w, https:\/\/www.octeaujoaillier.com\/wp-content\/uploads\/2018\/03\/contact-64x48.jpg 64w, https:\/\/www.octeaujoaillier.com\/wp-content\/uploads\/2018\/03\/contact-600x448.jpg 600w, https:\/\/www.octeaujoaillier.com\/wp-content\/uploads\/2018\/03\/contact-300x224.jpg 300w, https:\/\/www.octeaujoaillier.com\/wp-content\/uploads\/2018\/03\/contact-768x574.jpg 768w, https:\/\/www.octeaujoaillier.com\/wp-content\/uploads\/2018\/03\/contact-370x276.jpg 370w, https:\/\/www.octeaujoaillier.com\/wp-content\/uploads\/2018\/03\/contact-770x575.jpg 770w\" sizes=\"(max-width: 1024px) 100vw, 1024px\" \/><\/div>\n\t\t<\/figure>\n\t<\/div>\n<\/div><\/div><\/div><div class=\"wpb_column vc_column_container vc_col-sm-7\"><div class=\"vc_column-inner vc_custom_1522968057252\"><div class=\"wpb_wrapper\"><div class=\"vc_separator wpb_content_element vc_separator_align_left vc_sep_width_100 vc_sep_dotted vc_sep_pos_align_center vc_custom_1521940036490 wpb_animate_when_almost_visible wpb_fadeInRight fadeInRight vc_separator-has-text\" ><span class=\"vc_sep_holder vc_sep_holder_l\"><span style=\"border-color:#bbbbbb;\" class=\"vc_sep_line\"><\/span><\/span><h4>Contact us<\/h4><span class=\"vc_sep_holder vc_sep_holder_r\"><span style=\"border-color:#bbbbbb;\" class=\"vc_sep_line\"><\/span><\/span>\n<\/div><div class=\"vc_row wpb_row vc_inner vc_row-fluid custom-form-section\"><div class=\"wpb_column vc_column_container vc_col-sm-6\"><div class=\"vc_column-inner\"><div class=\"wpb_wrapper\">\n\t<div class=\"wpb_text_column wpb_content_element\" >\n\t\t<div class=\"wpb_wrapper\">\n\t\t\t\n<div class=\"wpcf7 no-js\" id=\"wpcf7-f36466295-o1\" lang=\"en-US\" dir=\"ltr\" data-wpcf7-id=\"36466295\">\n<div class=\"screen-reader-response\"><p role=\"status\" aria-live=\"polite\" aria-atomic=\"true\"><\/p> <ul><\/ul><\/div>\n<form action=\"\/en\/wp-json\/wp\/v2\/pages\/424#wpcf7-f36466295-o1\" method=\"post\" class=\"wpcf7-form init\" aria-label=\"Contact form\" novalidate=\"novalidate\" data-status=\"init\" data-trp-original-action=\"\/en\/wp-json\/wp\/v2\/pages\/424#wpcf7-f36466295-o1\">\n<div style=\"display: none;\">\n<input type=\"hidden\" name=\"_wpcf7\" value=\"36466295\" \/>\n<input type=\"hidden\" name=\"_wpcf7_version\" value=\"6.0.6\" \/>\n<input type=\"hidden\" name=\"_wpcf7_locale\" value=\"en_US\" \/>\n<input type=\"hidden\" name=\"_wpcf7_unit_tag\" value=\"wpcf7-f36466295-o1\" \/>\n<input type=\"hidden\" name=\"_wpcf7_container_post\" value=\"0\" \/>\n<input type=\"hidden\" name=\"_wpcf7_posted_data_hash\" value=\"\" \/>\n<\/div>\n<div class=\"custom-form-container\">\n\t<div class=\"form-file-container\">\n\t\t<p><span class=\"wpcf7-form-control-wrap\" data-name=\"your-name\"><input size=\"40\" maxlength=\"400\" class=\"wpcf7-form-control wpcf7-text wpcf7-validates-as-required\" aria-required=\"true\" aria-invalid=\"false\" placeholder=\"Nom complet*\" value=\"\" type=\"text\" name=\"your-name\" \/><\/span>\n\t\t<\/p>\n\t<\/div>\n\t<div class=\"form-file-container\">\n\t\t<p><span class=\"wpcf7-form-control-wrap\" data-name=\"your-email\"><input size=\"40\" maxlength=\"400\" class=\"wpcf7-form-control wpcf7-email wpcf7-validates-as-required wpcf7-text wpcf7-validates-as-email\" aria-required=\"true\" aria-invalid=\"false\" placeholder=\"Courriel*\" value=\"\" type=\"email\" name=\"your-email\" \/><\/span>\n\t\t<\/p>\n\t<\/div>\n\t<div class=\"form-file-container\">\n\t\t<p><span class=\"wpcf7-form-control-wrap\" data-name=\"your-message\"><textarea cols=\"40\" rows=\"10\" maxlength=\"2000\" class=\"wpcf7-form-control wpcf7-textarea wpcf7-validates-as-required\" aria-required=\"true\" aria-invalid=\"false\" placeholder=\"Message*\" name=\"your-message\"><\/textarea><\/span>\n\t\t<\/p>\n\t<\/div>\n\t<div class=\"form-file-container\">\n\t\t<p><span class=\"wpcf7-form-control-wrap\" data-name=\"accept-politiques\"><span class=\"wpcf7-form-control wpcf7-acceptance\"><span class=\"wpcf7-list-item\"><label><input type=\"checkbox\" name=\"accept-politiques\" value=\"1\" aria-invalid=\"false\" \/><span class=\"wpcf7-list-item-label\">Je reconnais avoir lu la <a href=\"https:\/\/www.octeaujoaillier.com\/en\/politique-de-confidentialite\/\">politique de confidentialit\u00e9<\/a> du site et autorise le traitement de mes donn\u00e9es personnelles.<\/span><\/label><\/span><\/span><\/span>\n\t\t<\/p>\n\t<\/div>\n\t<div class=\"btn-container\">\n\t\t<p><input class=\"wpcf7-form-control wpcf7-submit has-spinner\" type=\"submit\" value=\"ENVOYER UN MESSAGE\" \/>\n\t\t<\/p>\n\t<\/div>\n<\/div><input type=\"hidden\" id=\"ct_checkjs_cf7_7634ea65a4e6d9041cfd3f7de18e334a\" name=\"ct_checkjs_cf7\" value=\"0\" \/><script >setTimeout(function(){var ct_input_name = \"ct_checkjs_cf7_7634ea65a4e6d9041cfd3f7de18e334a\";if (document.getElementById(ct_input_name) !== null) {var ct_input_value = document.getElementById(ct_input_name).value;document.getElementById(ct_input_name).value = document.getElementById(ct_input_name).value.replace(ct_input_value, '9ebb21966340f3956debc19770341205b9adac0c061bbb1cc2fa17123dcdf12d');}}, 1000);<\/script><input\n                    class=\"apbct_special_field apbct_email_id__wp_contact_form_7\"\n                    name=\"apbct__email_id__wp_contact_form_7\"\n                    aria-label=\"apbct__label_id__wp_contact_form_7\"\n                    type=\"text\" size=\"30\" maxlength=\"200\" autocomplete=\"off\"\n                    value=\"\"\n                \/><div class=\"wpcf7-response-output\" aria-hidden=\"true\"><\/div>\n<input type=\"hidden\" name=\"trp-form-language\" value=\"en\"\/><\/form>\n<\/div>\n\n\n\t\t<\/div>\n\t<\/div>\n<\/div><\/div><\/div><div class=\"wpb_column vc_column_container vc_col-sm-6\"><div class=\"vc_column-inner\"><div class=\"wpb_wrapper\"><div\n\t id=\"sc_form_2070682904\" \n\tclass=\"scheme_dark sc_form sc_form_detailed .transparent  vc_custom_1523728597776 sc_align_default\"\n\t\t>\n\t\t<div class=\"trx_addons_columns_wrap columns_padding_bottom\"><div class=\"trx_addons_column-1_2\">\n\t\t\t<form class=\"sc_form_form sc_input_hover_underline\" method=\"post\" action=\"https:\/\/www.octeaujoaillier.com\/wp-admin\/admin-ajax.php\"><label class=\"sc_form_field sc_form_field_name required\">\n\t\t<span class=\"sc_form_field_wrap\"><input type=\"text\" \n\t\t\t\t\tname=\"name\"\n\t\t\t\t\tid=\"name\"\n\t\t\t\t\tvalue=\"\"\n\t\t\t\t\t aria-required=\"true\"\t\t\t\t\t\t\t\t\t\t><span class=\"sc_form_field_hover\"><span class=\"sc_form_field_content\" data-content=\"Name\">Name<\/span><\/span>\t<\/span>\n<\/label>\n<label class=\"sc_form_field sc_form_field_email required\">\n\t\t<span class=\"sc_form_field_wrap\"><input type=\"text\" \n\t\t\t\t\tname=\"email\"\n\t\t\t\t\tid=\"email\"\n\t\t\t\t\tvalue=\"\"\n\t\t\t\t\t aria-required=\"true\"\t\t\t\t\t\t\t\t\t\t><span class=\"sc_form_field_hover\"><span class=\"sc_form_field_content\" data-content=\"E-mail\">E-mail<\/span><\/span>\t<\/span>\n<\/label>\n<label class=\"sc_form_field sc_form_field_message required\">\n\t\t<span class=\"sc_form_field_wrap\"><textarea \n\t\t\t\t\tname=\"message\"\n\t\t\t\t\tid=\"message\"\n\t\t\t\t\t aria-required=\"true\"\t\t\t\t\t\t\t\t\t\t><\/textarea><span class=\"sc_form_field_hover\"><span class=\"sc_form_field_content\" data-content=\"Message\">Message<\/span><\/span>\t<\/span>\n<\/label>\n\t\t\t\t<div class=\"sc_form_field sc_form_field_button\"><button>Send Message<\/button><\/div>\n\t\t\t\t<div class=\"trx_addons_message_box sc_form_result\"><\/div>\n\t\t\t<\/form>\n\t\t<\/div><div class=\"trx_addons_column-1_2\">\n\t\t\t<div class=\"sc_form_info\">\n\t\t\t\t \n\t\t\t\t\t<div class=\"sc_form_info_item sc_form_info_item_phone\">\n\t\t\t\t\t\t<span class=\"sc_form_info_icon\"><\/span>\n\t\t\t\t\t\t<span class=\"sc_form_info_area\">\n\t\t\t\t\t\t\t<span class=\"sc_form_info_title\">Phone:<\/span>\n\t\t\t\t\t\t\t<span class=\"sc_form_info_data\"><span>450-649-4938<\/span><\/span>\n\t\t\t\t\t\t<\/span>\n\t\t\t\t\t<\/div>\n\t\t\t\t\t \n\t\t\t\t\t<div class=\"sc_form_info_item sc_form_info_item_email\">\n\t\t\t\t\t\t<span class=\"sc_form_info_icon\"><\/span>\n\t\t\t\t\t\t<span class=\"sc_form_info_area\">\n\t\t\t\t\t\t\t<span class=\"sc_form_info_title\">E-mail:<\/span>\n\t\t\t\t\t\t<span class=\"sc_form_info_data\"><a href=\"mailto:octeaujoaillier@videotron.ca\">octeaujoaillier@videotron.ca<\/a><\/span>\n\t\t\t\t\t\t<\/span>\n\t\t\t\t\t<\/div>\n\t\t\t\t\t \n\t\t\t\t\t<div class=\"sc_form_info_item sc_form_info_item_address\">\n\t\t\t\t\t\t<span class=\"sc_form_info_icon\"><\/span>\n\t\t\t\t\t\t<span class=\"sc_form_info_area\">\n\t\t\t\t\t\t\t<span class=\"sc_form_info_title\">Address:<\/span>\n\t\t\t\t\t\t\t<span class=\"sc_form_info_data\"><span>1950-J, chemin du Fer-\u00e0-Cheval, Sainte-Julie, QC, J3E 2T6<\/span><\/span>\n\t\t\t\t\t\t<\/span>\n\t\t\t\t\t<\/div>\n\t\t\t\t\t\t\t\t<\/div>\n\t\t<\/div>\n\t<\/div>\n<\/div><!-- \/.sc_form -->\n<\/div><\/div><\/div><\/div><\/div><\/div><\/div><\/div><div class=\"vc_row-full-width vc_clearfix\"><\/div><div id=\"Horaire\" data-vc-full-width=\"true\" data-vc-full-width-init=\"false\" data-vc-stretch-content=\"true\" class=\"vc_row wpb_row vc_row-fluid vc_row-no-padding vc_row-o-equal-height vc_row-o-content-middle vc_row-flex scheme_default\"><div class=\"wpb_column vc_column_container vc_col-sm-6\"><div class=\"vc_column-inner vc_custom_1521923953927\"><div class=\"wpb_wrapper\">\n\t<div class=\"wpb_raw_code wpb_content_element wpb_raw_html horaire\" >\n\t\t<div class=\"wpb_wrapper\">\n\t\t\t<h3>If you can't make it during our opening hours?<\/h3><br>\n<h3>We understand your schedule may be busy. That\u2019s why we offer the possibility to book an appointment on Thursdays or Fridays, between 5:00 p.m. and 7:00 p.m.<\/h3><br>\n<h3>Feel free to contact us to plan your visit!  <\/h3><br>\n\n<table>\n<tr><td><h5>Monday<\/h5><\/td><td><p>Closed<\/td><\/tr>\n<tr><td><h5>Tuesday<\/h5><\/td><td><p>Closed<\/p><\/td><\/tr>\n<tr><td><h5>Wednesday<\/h5><\/td><td><p>10h00 to 17h00<\/p><\/td><\/tr>\n<tr><td><h5>Thursday<\/h5><\/td><td><p>10h00 to 17h00<\/p><\/td><\/tr>\n<tr><td><h5>Friday<\/h5><\/td><td><p>10h00 to 17h00<\/p><\/td><\/tr>\n<tr><td><h5>Saturday<\/h5><\/td><td><p>10h00 \u00e0 15h00<\/p><\/td><\/tr>\n<tr><td><h5>Sunday<\/h5><\/td><td><p>Closed<\/p><\/td><\/tr>\n<\/table>\n<br>\n<h3>Looking forward to seeing you at our boutique !<\/h3>\n\t\t<\/div>\n\t<\/div>\n<\/div><\/div><\/div><div class=\"wpb_column vc_column_container vc_col-sm-6\"><div class=\"vc_column-inner\"><div class=\"wpb_wrapper\"><div id=\"sc_googlemap_1116902713_wrap\" class=\"sc_googlemap_wrap\"><div id=\"sc_googlemap_1116902713\"\n\t\t\tclass=\"sc_googlemap sc_googlemap_default\"\n\t\t\t style=\"width:100%;height:350px;\"\t\t\tdata-zoom=\"15\"\n\t\t\tdata-style=\"greyscale\"\n\t\t\t><div id=\"sc_googlemap_1116902713_1\" class=\"sc_googlemap_marker\"\n\t\t\t\t\t\tdata-latlng=\"\"\n\t\t\t\t\t\tdata-address=\"1950, chemin du Fer-\u00e0-Cheval Sainte-Julie, QC J3E 2T6\"\n\t\t\t\t\t\tdata-description=\"\"\n\t\t\t\t\t\tdata-title=\"\"\n\t\t\t\t\t\tdata-icon=\"\"\n\t\t\t\t\t\t><\/div><\/div><\/div><!-- \/.sc_googlemap_wrap --><\/div><\/div><\/div><\/div><div class=\"vc_row-full-width vc_clearfix\"><\/div><div id=\"feedinsta\" data-vc-full-width=\"true\" data-vc-full-width-init=\"false\" data-vc-stretch-content=\"true\" class=\"vc_row wpb_row vc_row-fluid vc_row-no-padding\"><div class=\"wpb_column vc_column_container vc_col-sm-12\"><div class=\"vc_column-inner\"><div class=\"wpb_wrapper\">\n\t<div class=\"wpb_raw_code wpb_content_element wpb_raw_html\" >\n\t\t<div class=\"wpb_wrapper\">\n\t\t\t\n\t\t<\/div>\n\t<\/div>\n<\/div><\/div><\/div><\/div><div class=\"vc_row-full-width vc_clearfix\"><\/div>\n<\/section>","protected":false},"excerpt":{"rendered":"Octeau Joaillier et Horloger \u00e0 Sainte-Julie Pour des services hors pair de cr\u00e9ation, de r\u00e9paration de bijoux et d\u2019horlogerie, faites appel \u00e0 l\u2019expertise et \u00e0 la passion de Vincent Octeau Joaillier \u00e0 Sainte-Julie. Contactez-nous pour nous faire part de vos id\u00e9es et de vos besoins pour vos bijoux. Nous joindre Je reconnais avoir lu la politique de confidentialit\u00e9 du site&hellip;","protected":false},"author":1,"featured_media":2199,"parent":0,"menu_order":0,"comment_status":"closed","ping_status":"closed","template":"","meta":{"footnotes":""},"class_list":["post-424","page","type-page","status-publish","has-post-thumbnail","hentry"],"_links":{"self":[{"href":"https:\/\/www.octeaujoaillier.com\/en\/wp-json\/wp\/v2\/pages\/424"}],"collection":[{"href":"https:\/\/www.octeaujoaillier.com\/en\/wp-json\/wp\/v2\/pages"}],"about":[{"href":"https:\/\/www.octeaujoaillier.com\/en\/wp-json\/wp\/v2\/types\/page"}],"author":[{"embeddable":true,"href":"https:\/\/www.octeaujoaillier.com\/en\/wp-json\/wp\/v2\/users\/1"}],"replies":[{"embeddable":true,"href":"https:\/\/www.octeaujoaillier.com\/en\/wp-json\/wp\/v2\/comments?post=424"}],"version-history":[{"count":11,"href":"https:\/\/www.octeaujoaillier.com\/en\/wp-json\/wp\/v2\/pages\/424\/revisions"}],"predecessor-version":[{"id":41687087,"href":"https:\/\/www.octeaujoaillier.com\/en\/wp-json\/wp\/v2\/pages\/424\/revisions\/41687087"}],"wp:featuredmedia":[{"embeddable":true,"href":"https:\/\/www.octeaujoaillier.com\/en\/wp-json\/wp\/v2\/media\/2199"}],"wp:attachment":[{"href":"https:\/\/www.octeaujoaillier.com\/en\/wp-json\/wp\/v2\/media?parent=424"}],"curies":[{"name":"wp","href":"https:\/\/api.w.org\/{rel}","templated":true}]}}