{"id":10394,"date":"2020-11-26T19:25:50","date_gmt":"2020-11-27T00:25:50","guid":{"rendered":"https:\/\/www.octeaujoaillier.com\/?post_type=product&#038;p=10394"},"modified":"2025-11-10T12:23:08","modified_gmt":"2025-11-10T17:23:08","slug":"montre-citizen-axiom-5","status":"publish","type":"product","link":"https:\/\/www.octeaujoaillier.com\/en\/boutique\/montres\/citizen\/montre-citizen-axiom-5\/","title":{"rendered":"Montre citizen AXIOM"},"content":{"rendered":"<p>&nbsp;<\/p>\n<p>&nbsp;<\/p>\n<p>&nbsp;<\/p>","protected":false},"excerpt":{"rendered":"<p><strong>Montre citizen eco-drive pour femme &#8211; AXIOM &#8211; avec bo\u00eetier bracelet en acier inoxydable aux teintes or rose et diamants<\/strong><\/p>\n<p>L\u2019allure raffin\u00e9e et \u00e9l\u00e9gante des montres de la collection Axiom en fait l\u2019accessoire id\u00e9al, de jour comme de soir, pour les personnes \u00e0 l\u2019avant-garde de la mode. Elle est dot\u00e9e d&rsquo;un fascinant verre bord \u00e0 bord, cadran noir arborant 11\u00a0diamants et indicateur de date. Mod\u00e8le montr\u00e9 avec bo\u00eetier et bracelet en acier inoxydable aux teintes or rose profond avec cadran noir.<\/p>\n<p>Calibre : Eco-drive J015<\/p>\n<p>Case Size: 30 MM<\/p>\n<p>Mat\u00e9riel du bo\u00eetier : Acier inoxydable aux teinte or rose<\/p>\n<p>Crystal: mineral glass<\/p>\n<p>Mat\u00e9riel du bracelet : Acier inoxydable aux teinte or rose<\/p>\n<p>Clasp type : Folding clasp with push button<\/p>\n<p>Type de pierre : DIamants<\/p>\n<p>Water resistance : [WR] Face-Washing, Sweat, Raindrops, etc.<\/p>\n<p>Waranty: 5 years<\/p>\n<p>&nbsp;<\/p>\n<p>&nbsp;<\/p>\n<p>&nbsp;<\/p>","protected":false},"featured_media":12501,"comment_status":"closed","ping_status":"closed","template":"","meta":[],"product_brand":[],"product_cat":[186,300],"product_tag":[316,315,421,419],"class_list":{"0":"post-10394","1":"product","2":"type-product","3":"status-publish","4":"has-post-thumbnail","6":"product_cat-citizen","7":"product_cat-femme","8":"product_tag-bracelet-en-acier-inoxydable","9":"product_tag-eco-drive","10":"product_tag-noir","11":"product_tag-rose","13":"first","14":"instock","15":"taxable","16":"shipping-taxable","17":"purchasable","18":"product-type-simple"},"_links":{"self":[{"href":"https:\/\/www.octeaujoaillier.com\/en\/wp-json\/wp\/v2\/product\/10394"}],"collection":[{"href":"https:\/\/www.octeaujoaillier.com\/en\/wp-json\/wp\/v2\/product"}],"about":[{"href":"https:\/\/www.octeaujoaillier.com\/en\/wp-json\/wp\/v2\/types\/product"}],"replies":[{"embeddable":true,"href":"https:\/\/www.octeaujoaillier.com\/en\/wp-json\/wp\/v2\/comments?post=10394"}],"wp:featuredmedia":[{"embeddable":true,"href":"https:\/\/www.octeaujoaillier.com\/en\/wp-json\/wp\/v2\/media\/12501"}],"wp:attachment":[{"href":"https:\/\/www.octeaujoaillier.com\/en\/wp-json\/wp\/v2\/media?parent=10394"}],"wp:term":[{"taxonomy":"product_brand","embeddable":true,"href":"https:\/\/www.octeaujoaillier.com\/en\/wp-json\/wp\/v2\/product_brand?post=10394"},{"taxonomy":"product_cat","embeddable":true,"href":"https:\/\/www.octeaujoaillier.com\/en\/wp-json\/wp\/v2\/product_cat?post=10394"},{"taxonomy":"product_tag","embeddable":true,"href":"https:\/\/www.octeaujoaillier.com\/en\/wp-json\/wp\/v2\/product_tag?post=10394"}],"curies":[{"name":"wp","href":"https:\/\/api.w.org\/{rel}","templated":true}]}}