{"id":13958,"date":"2021-01-03T09:43:19","date_gmt":"2021-01-03T14:43:19","guid":{"rendered":"https:\/\/www.octeaujoaillier.com\/?post_type=product&#038;p=13958"},"modified":"2025-11-10T12:10:47","modified_gmt":"2025-11-10T17:10:47","slug":"montre-citizen-quartz-2","status":"publish","type":"product","link":"https:\/\/www.octeaujoaillier.com\/en\/boutique\/montres\/citizen\/montre-citizen-quartz-2\/","title":{"rendered":"Montre citizen QUARTZ"},"content":{"rendered":"<ul>\n<li>Calibre : 1002<\/li>\n<li>Case Size : 28 MM<\/li>\n<li>Case material : Stainless steel, gold tone<\/li>\n<li>Crystal: mineral glass<\/li>\n<li>Band : Gold-tone, Stainless steel<\/li>\n<li>Type de fermoir : Boucle d\u00e9ployante de s\u00e9curit\u00e9<\/li>\n<li>Water resistance: Swimming (WR50)<\/li>\n<li>Waranty: 5 years<\/li>\n<\/ul>","protected":false},"excerpt":{"rendered":"<p><strong>Montre citizen quartz pour femme &#8211; Bracelet et bo\u00eetier en acier inoxydable aux teintes or, cadran noir avec jours et date<\/strong><\/p>\n<p>&nbsp;<\/p>","protected":false},"featured_media":13858,"comment_status":"closed","ping_status":"closed","template":"","meta":[],"product_brand":[],"product_cat":[186,300],"product_tag":[316,420,421,313],"class_list":{"0":"post-13958","1":"product","2":"type-product","3":"status-publish","4":"has-post-thumbnail","6":"product_cat-citizen","7":"product_cat-femme","8":"product_tag-bracelet-en-acier-inoxydable","9":"product_tag-dore","10":"product_tag-noir","11":"product_tag-quartz","13":"first","14":"instock","15":"taxable","16":"shipping-taxable","17":"purchasable","18":"product-type-simple"},"_links":{"self":[{"href":"https:\/\/www.octeaujoaillier.com\/en\/wp-json\/wp\/v2\/product\/13958"}],"collection":[{"href":"https:\/\/www.octeaujoaillier.com\/en\/wp-json\/wp\/v2\/product"}],"about":[{"href":"https:\/\/www.octeaujoaillier.com\/en\/wp-json\/wp\/v2\/types\/product"}],"replies":[{"embeddable":true,"href":"https:\/\/www.octeaujoaillier.com\/en\/wp-json\/wp\/v2\/comments?post=13958"}],"wp:featuredmedia":[{"embeddable":true,"href":"https:\/\/www.octeaujoaillier.com\/en\/wp-json\/wp\/v2\/media\/13858"}],"wp:attachment":[{"href":"https:\/\/www.octeaujoaillier.com\/en\/wp-json\/wp\/v2\/media?parent=13958"}],"wp:term":[{"taxonomy":"product_brand","embeddable":true,"href":"https:\/\/www.octeaujoaillier.com\/en\/wp-json\/wp\/v2\/product_brand?post=13958"},{"taxonomy":"product_cat","embeddable":true,"href":"https:\/\/www.octeaujoaillier.com\/en\/wp-json\/wp\/v2\/product_cat?post=13958"},{"taxonomy":"product_tag","embeddable":true,"href":"https:\/\/www.octeaujoaillier.com\/en\/wp-json\/wp\/v2\/product_tag?post=13958"}],"curies":[{"name":"wp","href":"https:\/\/api.w.org\/{rel}","templated":true}]}}