{"id":14186,"date":"2021-01-05T09:12:43","date_gmt":"2021-01-05T14:12:43","guid":{"rendered":"https:\/\/www.octeaujoaillier.com\/?post_type=product&#038;p=14186"},"modified":"2025-11-10T12:09:52","modified_gmt":"2025-11-10T17:09:52","slug":"montre-bulova-classic-10","status":"publish","type":"product","link":"https:\/\/www.octeaujoaillier.com\/en\/boutique\/montres\/bulova\/montre-bulova-classic-10\/","title":{"rendered":"Bulova Classic watch"},"content":{"rendered":"<ul>\n<li>Calibre : GM10-S0A<\/li>\n<li>Case Size : 38 mm<\/li>\n<li>Case material : Stainless steel<\/li>\n<li>Verre : Verre\u00a0min\u00e9ral courb\u00e9<\/li>\n<li>Band : Stainless steel<\/li>\n<li>Water resistance : 0030 M<\/li>\n<li>Waranty : 3 years<\/li>\n<\/ul>\n<p>&nbsp;<\/p>","protected":false},"excerpt":{"rendered":"<p><strong>Montre Bulova pour homme &#8211;\u00a0 Classic &#8211; Mod\u00e8le en acier inoxydable avec verre bomb\u00e9, cadran noir \u00e0 motifs et indicateur de date<\/strong><\/p>\n<p>Issue de la collection Classic. Mod\u00e8le en acier inoxydable avec verre bomb\u00e9, cadran noir \u00e0 motifs, calendrier, trotteuse et fermoir \u00e0 rabat \u00e0 double pression s\u00e9curitaire.<\/p>","protected":false},"featured_media":14117,"comment_status":"closed","ping_status":"closed","template":"","meta":[],"product_brand":[],"product_cat":[63,105,301],"product_tag":[418,540,316,313],"class_list":{"0":"post-14186","1":"product","2":"type-product","3":"status-publish","4":"has-post-thumbnail","6":"product_cat-montres","7":"product_cat-bulova","8":"product_cat-homme","9":"product_tag-acier","10":"product_tag-black","11":"product_tag-bracelet-en-acier-inoxydable","12":"product_tag-quartz","14":"first","15":"instock","16":"taxable","17":"shipping-taxable","18":"purchasable","19":"product-type-simple"},"_links":{"self":[{"href":"https:\/\/www.octeaujoaillier.com\/en\/wp-json\/wp\/v2\/product\/14186"}],"collection":[{"href":"https:\/\/www.octeaujoaillier.com\/en\/wp-json\/wp\/v2\/product"}],"about":[{"href":"https:\/\/www.octeaujoaillier.com\/en\/wp-json\/wp\/v2\/types\/product"}],"replies":[{"embeddable":true,"href":"https:\/\/www.octeaujoaillier.com\/en\/wp-json\/wp\/v2\/comments?post=14186"}],"wp:featuredmedia":[{"embeddable":true,"href":"https:\/\/www.octeaujoaillier.com\/en\/wp-json\/wp\/v2\/media\/14117"}],"wp:attachment":[{"href":"https:\/\/www.octeaujoaillier.com\/en\/wp-json\/wp\/v2\/media?parent=14186"}],"wp:term":[{"taxonomy":"product_brand","embeddable":true,"href":"https:\/\/www.octeaujoaillier.com\/en\/wp-json\/wp\/v2\/product_brand?post=14186"},{"taxonomy":"product_cat","embeddable":true,"href":"https:\/\/www.octeaujoaillier.com\/en\/wp-json\/wp\/v2\/product_cat?post=14186"},{"taxonomy":"product_tag","embeddable":true,"href":"https:\/\/www.octeaujoaillier.com\/en\/wp-json\/wp\/v2\/product_tag?post=14186"}],"curies":[{"name":"wp","href":"https:\/\/api.w.org\/{rel}","templated":true}]}}