{"id":14191,"date":"2021-01-05T09:25:37","date_gmt":"2021-01-05T14:25:37","guid":{"rendered":"https:\/\/www.octeaujoaillier.com\/?post_type=product&#038;p=14191"},"modified":"2025-11-10T12:09:18","modified_gmt":"2025-11-10T17:09:18","slug":"montre-bulova-sutton-3","status":"publish","type":"product","link":"https:\/\/www.octeaujoaillier.com\/en\/boutique\/montres\/bulova\/montre-bulova-sutton-3\/","title":{"rendered":"Bulova Sutton watch"},"content":{"rendered":"<ul>\n<li>Calibre : 6S50-00A<\/li>\n<li>Case Size : 44 MM<\/li>\n<li>Case material : Stainless steel<\/li>\n<li>Verre : Verre min\u00e9ral bomb\u00e9<\/li>\n<li>Band : Black leather<\/li>\n<li>Water resistance : 0030 M<\/li>\n<li>Waranty : 3 years<\/li>\n<\/ul>\n<p>&nbsp;<\/p>\n<p>&nbsp;<\/p>","protected":false},"excerpt":{"rendered":"<p><strong>Montre Bulova pour homme &#8211;\u00a0 Sutton &#8211; Cadran noir avec accents aux teintes or rose offrant une fen\u00eatre de date surdimensionn\u00e9e<\/strong><\/p>\n<p>Montre \u00e0 six aiguilles dot\u00e9e d\u2019un chronographe, montr\u00e9e avec un bo\u00eetier en acier inoxydable aux teintes argent\u00e9es et un bracelet en cuir brun. Cadran noir avec accents aux teintes or rose offrant une fen\u00eatre de date surdimensionn\u00e9e \u00e0 la position 12\u00a0h. Mod\u00e8le dot\u00e9 d\u2019un cristal min\u00e9ral bomb\u00e9, d\u2019un mouvement \u00e0 quartz et d\u2019une hydror\u00e9sistance de 30\u00a0m\u00e8tres.<\/p>","protected":false},"featured_media":14120,"comment_status":"closed","ping_status":"closed","template":"","meta":[],"product_brand":[],"product_cat":[63,105,301],"product_tag":[418,316,422,421,482],"class_list":{"0":"post-14191","1":"product","2":"type-product","3":"status-publish","4":"has-post-thumbnail","6":"product_cat-montres","7":"product_cat-bulova","8":"product_cat-homme","9":"product_tag-acier","10":"product_tag-bracelet-en-acier-inoxydable","11":"product_tag-brun","12":"product_tag-noir","13":"product_tag-ton-or-rose","15":"first","16":"instock","17":"taxable","18":"shipping-taxable","19":"purchasable","20":"product-type-simple"},"_links":{"self":[{"href":"https:\/\/www.octeaujoaillier.com\/en\/wp-json\/wp\/v2\/product\/14191"}],"collection":[{"href":"https:\/\/www.octeaujoaillier.com\/en\/wp-json\/wp\/v2\/product"}],"about":[{"href":"https:\/\/www.octeaujoaillier.com\/en\/wp-json\/wp\/v2\/types\/product"}],"replies":[{"embeddable":true,"href":"https:\/\/www.octeaujoaillier.com\/en\/wp-json\/wp\/v2\/comments?post=14191"}],"wp:featuredmedia":[{"embeddable":true,"href":"https:\/\/www.octeaujoaillier.com\/en\/wp-json\/wp\/v2\/media\/14120"}],"wp:attachment":[{"href":"https:\/\/www.octeaujoaillier.com\/en\/wp-json\/wp\/v2\/media?parent=14191"}],"wp:term":[{"taxonomy":"product_brand","embeddable":true,"href":"https:\/\/www.octeaujoaillier.com\/en\/wp-json\/wp\/v2\/product_brand?post=14191"},{"taxonomy":"product_cat","embeddable":true,"href":"https:\/\/www.octeaujoaillier.com\/en\/wp-json\/wp\/v2\/product_cat?post=14191"},{"taxonomy":"product_tag","embeddable":true,"href":"https:\/\/www.octeaujoaillier.com\/en\/wp-json\/wp\/v2\/product_tag?post=14191"}],"curies":[{"name":"wp","href":"https:\/\/api.w.org\/{rel}","templated":true}]}}