{"id":14193,"date":"2021-01-05T09:32:59","date_gmt":"2021-01-05T14:32:59","guid":{"rendered":"https:\/\/www.octeaujoaillier.com\/?post_type=product&#038;p=14193"},"modified":"2025-11-10T12:09:05","modified_gmt":"2025-11-10T17:09:05","slug":"montre-bulova-pour-homme","status":"publish","type":"product","link":"https:\/\/www.octeaujoaillier.com\/en\/boutique\/montres\/bulova\/montre-bulova-pour-homme\/","title":{"rendered":"Montre Bulova pour homme"},"content":{"rendered":"<p>&nbsp;<\/p>\n<p>&nbsp;<\/p>\n<p>&nbsp;<\/p>","protected":false},"excerpt":{"rendered":"<p><strong>Montre Bulova pour homme &#8211;\u00a0 Modern &#8211; Bo\u00eetier en acier inoxydable aux accents dor\u00e9s et cadran champagne serti de trois diamants<\/strong><\/p>\n<p>Dans la collection Modern. Montre avec bo\u00eetier en acier inoxydable aux accents dor\u00e9s et cadran champagne serti de trois diamants, fonction date \u00e0 trois aiguilles, cristal courb\u00e9 m\u00e9tallis\u00e9 bord \u00e0 bord, bo\u00eetier \u00e0 fond viss\u00e9, bracelet en acier inoxydable aux accents dor\u00e9s avec fermoir d\u00e9ployant, \u00e0 l\u2019\u00e9preuve de l\u2019eau jusqu\u2019\u00e0 30\u00a0m\u00e8tres.<\/p>\n<p>Calibre : GM10-S0A<\/p>\n<p>Case Size : 42 MM<\/p>\n<p>Case material : Stainless steel, gold tone<\/p>\n<p>Verre : Verre min\u00e9ral bomb\u00e9<\/p>\n<p>Band : Gold-tone, Stainless steel<\/p>\n<p>Clasp type : Folding clasp<\/p>\n<p>Water resistance : 0030 M<\/p>\n<p>Waranty : 3 years<\/p>\n<p>&nbsp;<\/p>\n<p>&nbsp;<\/p>\n<p>&nbsp;<\/p>\n<p>&nbsp;<\/p>","protected":false},"featured_media":14122,"comment_status":"closed","ping_status":"closed","template":"","meta":[],"product_brand":[],"product_cat":[63,105,301],"product_tag":[316],"class_list":{"0":"post-14193","1":"product","2":"type-product","3":"status-publish","4":"has-post-thumbnail","6":"product_cat-montres","7":"product_cat-bulova","8":"product_cat-homme","9":"product_tag-bracelet-en-acier-inoxydable","11":"first","12":"instock","13":"taxable","14":"shipping-taxable","15":"purchasable","16":"product-type-simple"},"_links":{"self":[{"href":"https:\/\/www.octeaujoaillier.com\/en\/wp-json\/wp\/v2\/product\/14193"}],"collection":[{"href":"https:\/\/www.octeaujoaillier.com\/en\/wp-json\/wp\/v2\/product"}],"about":[{"href":"https:\/\/www.octeaujoaillier.com\/en\/wp-json\/wp\/v2\/types\/product"}],"replies":[{"embeddable":true,"href":"https:\/\/www.octeaujoaillier.com\/en\/wp-json\/wp\/v2\/comments?post=14193"}],"wp:featuredmedia":[{"embeddable":true,"href":"https:\/\/www.octeaujoaillier.com\/en\/wp-json\/wp\/v2\/media\/14122"}],"wp:attachment":[{"href":"https:\/\/www.octeaujoaillier.com\/en\/wp-json\/wp\/v2\/media?parent=14193"}],"wp:term":[{"taxonomy":"product_brand","embeddable":true,"href":"https:\/\/www.octeaujoaillier.com\/en\/wp-json\/wp\/v2\/product_brand?post=14193"},{"taxonomy":"product_cat","embeddable":true,"href":"https:\/\/www.octeaujoaillier.com\/en\/wp-json\/wp\/v2\/product_cat?post=14193"},{"taxonomy":"product_tag","embeddable":true,"href":"https:\/\/www.octeaujoaillier.com\/en\/wp-json\/wp\/v2\/product_tag?post=14193"}],"curies":[{"name":"wp","href":"https:\/\/api.w.org\/{rel}","templated":true}]}}