{"id":14194,"date":"2021-01-05T09:36:56","date_gmt":"2021-01-05T14:36:56","guid":{"rendered":"https:\/\/www.octeaujoaillier.com\/?post_type=product&#038;p=14194"},"modified":"2025-11-10T12:08:39","modified_gmt":"2025-11-10T17:08:39","slug":"montre-bulova-marine-star-6","status":"publish","type":"product","link":"https:\/\/www.octeaujoaillier.com\/en\/boutique\/montres\/bulova\/montre-bulova-marine-star-6\/","title":{"rendered":"Bulova Marine star watch"},"content":{"rendered":"<ul>\n<li>Calibre : 6P29-00A<\/li>\n<li>Case Size : 43 MM<\/li>\n<li>Mat\u00e9riel du bo\u00eetier : Acier inoxydable au fini bicolore or et argent<\/li>\n<li>Crystal :  Mineral crystal<\/li>\n<li>Mat\u00e9riel du bracelet : Acier inoxydable au fini bicolore or et argent<\/li>\n<li>Water resistance : 0030 M<\/li>\n<li>Waranty : 3 years<\/li>\n<\/ul>","protected":false},"excerpt":{"rendered":"<p><strong>Montre Bulova pour homme &#8211;\u00a0 Classic &#8211; Mod\u00e8le multifonctionnel en acier inoxydable, dot\u00e9 d\u2019un cadran noir et d&rsquo;un sous-cadrans affichant le jour, la date et l\u2019heure en format 24 heures<\/strong><\/p>\n<p>Issue de la collection Classic. Mod\u00e8le multifonctionnel en acier inoxydable au fini bicolore or et argent par placage ionique, dot\u00e9 d\u2019un cadran noir \u00e0 motifs, sous-cadrans affichant le jour, la date et l\u2019heure en format 24\u00a0heures, bo\u00eetier viss\u00e9 et fermoir \u00e0 rabat \u00e0 double pression rehauss\u00e9 d\u2019un verrou de s\u00e9curit\u00e9.<\/p>","protected":false},"featured_media":14124,"comment_status":"closed","ping_status":"closed","template":"","meta":[],"product_brand":[],"product_cat":[63,105,301],"product_tag":[316,420,421,313],"class_list":{"0":"post-14194","1":"product","2":"type-product","3":"status-publish","4":"has-post-thumbnail","6":"product_cat-montres","7":"product_cat-bulova","8":"product_cat-homme","9":"product_tag-bracelet-en-acier-inoxydable","10":"product_tag-dore","11":"product_tag-noir","12":"product_tag-quartz","14":"first","15":"instock","16":"taxable","17":"shipping-taxable","18":"purchasable","19":"product-type-simple"},"_links":{"self":[{"href":"https:\/\/www.octeaujoaillier.com\/en\/wp-json\/wp\/v2\/product\/14194"}],"collection":[{"href":"https:\/\/www.octeaujoaillier.com\/en\/wp-json\/wp\/v2\/product"}],"about":[{"href":"https:\/\/www.octeaujoaillier.com\/en\/wp-json\/wp\/v2\/types\/product"}],"replies":[{"embeddable":true,"href":"https:\/\/www.octeaujoaillier.com\/en\/wp-json\/wp\/v2\/comments?post=14194"}],"wp:featuredmedia":[{"embeddable":true,"href":"https:\/\/www.octeaujoaillier.com\/en\/wp-json\/wp\/v2\/media\/14124"}],"wp:attachment":[{"href":"https:\/\/www.octeaujoaillier.com\/en\/wp-json\/wp\/v2\/media?parent=14194"}],"wp:term":[{"taxonomy":"product_brand","embeddable":true,"href":"https:\/\/www.octeaujoaillier.com\/en\/wp-json\/wp\/v2\/product_brand?post=14194"},{"taxonomy":"product_cat","embeddable":true,"href":"https:\/\/www.octeaujoaillier.com\/en\/wp-json\/wp\/v2\/product_cat?post=14194"},{"taxonomy":"product_tag","embeddable":true,"href":"https:\/\/www.octeaujoaillier.com\/en\/wp-json\/wp\/v2\/product_tag?post=14194"}],"curies":[{"name":"wp","href":"https:\/\/api.w.org\/{rel}","templated":true}]}}