{"id":14232,"date":"2021-01-05T15:09:07","date_gmt":"2021-01-05T20:09:07","guid":{"rendered":"https:\/\/www.octeaujoaillier.com\/?post_type=product&#038;p=14232"},"modified":"2025-11-10T12:07:30","modified_gmt":"2025-11-10T17:07:30","slug":"montre-bulova-classic-7","status":"publish","type":"product","link":"https:\/\/www.octeaujoaillier.com\/en\/boutique\/montres\/bulova\/montre-bulova-classic-7\/","title":{"rendered":"Bulova Classic watch"},"content":{"rendered":"<ul>\n<li>Caliber : 9U13-00V<\/li>\n<li>Case Size :  40 MM<\/li>\n<li>Mat\u00e9riel du bo\u00eetier : Acier inoxydable aux accents or<\/li>\n<li>Crystal :  Mineral crystal<\/li>\n<li>Mat\u00e9riel du bracelet : Acier inoxydable aux accents or<\/li>\n<li>Water resistance : 0030 M<\/li>\n<li>Waranty : 3 years<\/li>\n<\/ul>\n<p>&nbsp;<\/p>\n<p>&nbsp;<\/p>","protected":false},"excerpt":{"rendered":"<p><strong>Montre Bulova pour homme &#8211;\u00a0 Diamonds &#8211; Mod\u00e8le en acier inoxydable aux accents or, dot\u00e9 d\u2019un cadran bleu \u00e0 huit diamants<\/strong><\/p>\n<p>Issue de la collection Diamonds. Mod\u00e8le \u00e9tanche jusqu\u2019\u00e0 30 m\u00e8tres dot\u00e9 d\u2019un cadran bleu \u00e0 huit diamants, d\u2019un bo\u00eetier et d\u2019un bracelet en acier inoxydable aux accents or, d\u2019un fermoir d\u00e9ployant \u00e0 double pression, d\u2019un calendrier \u00e0 trois aiguilles, et d\u2019un verre min\u00e9ral plat.<\/p>","protected":false},"featured_media":14128,"comment_status":"closed","ping_status":"closed","template":"","meta":[],"product_brand":[],"product_cat":[63,105,301],"product_tag":[424,316,420,313],"class_list":{"0":"post-14232","1":"product","2":"type-product","3":"status-publish","4":"has-post-thumbnail","6":"product_cat-montres","7":"product_cat-bulova","8":"product_cat-homme","9":"product_tag-bleu","10":"product_tag-bracelet-en-acier-inoxydable","11":"product_tag-dore","12":"product_tag-quartz","14":"first","15":"instock","16":"taxable","17":"shipping-taxable","18":"purchasable","19":"product-type-simple"},"_links":{"self":[{"href":"https:\/\/www.octeaujoaillier.com\/en\/wp-json\/wp\/v2\/product\/14232"}],"collection":[{"href":"https:\/\/www.octeaujoaillier.com\/en\/wp-json\/wp\/v2\/product"}],"about":[{"href":"https:\/\/www.octeaujoaillier.com\/en\/wp-json\/wp\/v2\/types\/product"}],"replies":[{"embeddable":true,"href":"https:\/\/www.octeaujoaillier.com\/en\/wp-json\/wp\/v2\/comments?post=14232"}],"wp:featuredmedia":[{"embeddable":true,"href":"https:\/\/www.octeaujoaillier.com\/en\/wp-json\/wp\/v2\/media\/14128"}],"wp:attachment":[{"href":"https:\/\/www.octeaujoaillier.com\/en\/wp-json\/wp\/v2\/media?parent=14232"}],"wp:term":[{"taxonomy":"product_brand","embeddable":true,"href":"https:\/\/www.octeaujoaillier.com\/en\/wp-json\/wp\/v2\/product_brand?post=14232"},{"taxonomy":"product_cat","embeddable":true,"href":"https:\/\/www.octeaujoaillier.com\/en\/wp-json\/wp\/v2\/product_cat?post=14232"},{"taxonomy":"product_tag","embeddable":true,"href":"https:\/\/www.octeaujoaillier.com\/en\/wp-json\/wp\/v2\/product_tag?post=14232"}],"curies":[{"name":"wp","href":"https:\/\/api.w.org\/{rel}","templated":true}]}}