{"id":14250,"date":"2021-01-05T16:14:23","date_gmt":"2021-01-05T21:14:23","guid":{"rendered":"https:\/\/www.octeaujoaillier.com\/?post_type=product&#038;p=14250"},"modified":"2025-11-10T12:06:25","modified_gmt":"2025-11-10T17:06:25","slug":"montre-bulova-sutton-2","status":"publish","type":"product","link":"https:\/\/www.octeaujoaillier.com\/en\/boutique\/montres\/bulova\/montre-bulova-sutton-2\/","title":{"rendered":"Bulova Sutton watch"},"content":{"rendered":"<ul>\n<li>Caliber : 2036-00B<\/li>\n<li>Case Size : 28 MM<\/li>\n<li>Case material: Rose gold-tone, Stainless steel<\/li>\n<li>Crystal :  Mineral crystal<\/li>\n<li>Band: Rose gold-tone, stainless steel<\/li>\n<li>Water resistance : 0030 M<\/li>\n<li>Waranty : 3 years<\/li>\n<\/ul>","protected":false},"excerpt":{"rendered":"<p><strong>Montre Bulova pour femme &#8211; Sutton<\/strong><strong> &#8211; Acier inoxydable aux teintes or rose rehauss\u00e9s d\u2019un cadran or rose mettant en valeur trois\u00a0diamants<\/strong><\/p>\n<p>Bo\u00eetier et bracelet en acier inoxydable aux teintes or rose rehauss\u00e9s d\u2019un cadran or rose mettant en valeur trois\u00a0diamants, ainsi que des aiguilles et marqueurs aux teintes or rose. D\u00f4me en cristal min\u00e9ral. Fermoir \u00e0 boucle \u00e0 rabat court.<\/p>","protected":false},"featured_media":14140,"comment_status":"closed","ping_status":"closed","template":"","meta":[],"product_brand":[],"product_cat":[63,105,300],"product_tag":[316],"class_list":{"0":"post-14250","1":"product","2":"type-product","3":"status-publish","4":"has-post-thumbnail","6":"product_cat-montres","7":"product_cat-bulova","8":"product_cat-femme","9":"product_tag-bracelet-en-acier-inoxydable","11":"first","12":"instock","13":"taxable","14":"shipping-taxable","15":"purchasable","16":"product-type-simple"},"_links":{"self":[{"href":"https:\/\/www.octeaujoaillier.com\/en\/wp-json\/wp\/v2\/product\/14250"}],"collection":[{"href":"https:\/\/www.octeaujoaillier.com\/en\/wp-json\/wp\/v2\/product"}],"about":[{"href":"https:\/\/www.octeaujoaillier.com\/en\/wp-json\/wp\/v2\/types\/product"}],"replies":[{"embeddable":true,"href":"https:\/\/www.octeaujoaillier.com\/en\/wp-json\/wp\/v2\/comments?post=14250"}],"wp:featuredmedia":[{"embeddable":true,"href":"https:\/\/www.octeaujoaillier.com\/en\/wp-json\/wp\/v2\/media\/14140"}],"wp:attachment":[{"href":"https:\/\/www.octeaujoaillier.com\/en\/wp-json\/wp\/v2\/media?parent=14250"}],"wp:term":[{"taxonomy":"product_brand","embeddable":true,"href":"https:\/\/www.octeaujoaillier.com\/en\/wp-json\/wp\/v2\/product_brand?post=14250"},{"taxonomy":"product_cat","embeddable":true,"href":"https:\/\/www.octeaujoaillier.com\/en\/wp-json\/wp\/v2\/product_cat?post=14250"},{"taxonomy":"product_tag","embeddable":true,"href":"https:\/\/www.octeaujoaillier.com\/en\/wp-json\/wp\/v2\/product_tag?post=14250"}],"curies":[{"name":"wp","href":"https:\/\/api.w.org\/{rel}","templated":true}]}}