{"id":14253,"date":"2021-01-05T16:25:49","date_gmt":"2021-01-05T21:25:49","guid":{"rendered":"https:\/\/www.octeaujoaillier.com\/?post_type=product&#038;p=14253"},"modified":"2025-11-10T12:06:07","modified_gmt":"2025-11-10T17:06:07","slug":"montre-bulova-classic-98p115","status":"publish","type":"product","link":"https:\/\/www.octeaujoaillier.com\/en\/boutique\/montres\/bulova\/montre-bulova-classic-98p115\/","title":{"rendered":"Montre Bulova Classic &#8211; 98P115"},"content":{"rendered":"<p>&nbsp;<\/p>\n<p>&nbsp;<\/p>\n<p>&nbsp;<\/p>","protected":false},"excerpt":{"rendered":"<p><strong>Montre Bulova pour femme &#8211; Classic<\/strong><strong> &#8211; Acier inoxydable au fini bicolore agr\u00e9ment\u00e9 de quatre diamants sur un cadran blanc argent\u00e9 \u00e0 motifs<\/strong><\/p>\n<p>Issue de la collection Classic. Mod\u00e8le en acier inoxydable au fini bicolore agr\u00e9ment\u00e9 de quatre diamants sertis individuellement \u00e0 la main sur un cadran blanc argent\u00e9 \u00e0 motifs, et dot\u00e9 d\u2019un fermoir \u00e0 rabat verrouillable.<\/p>\n<p>Caliber : 9T22-00A<\/p>\n<p>Taille du bo\u00eetier : 27 MM<\/p>\n<p>Mat\u00e9riel du bo\u00eetier : Acier inoxydable au fini bicolore<\/p>\n<p>Crystal :  Mineral crystal<\/p>\n<p>Mat\u00e9riel du bracelet : Acier inoxydable au fini bicolore<\/p>\n<p>Type de fermoir : Fermoir \u00e0 rabat verrouillable<\/p>\n<p>Water resistance : 0030 M<\/p>\n<p>Waranty : 3 years<\/p>\n<p>&nbsp;<\/p>\n<p>&nbsp;<\/p>\n<p>&nbsp;<\/p>\n<p>&nbsp;<\/p>","protected":false},"featured_media":14141,"comment_status":"closed","ping_status":"closed","template":"","meta":[],"product_brand":[],"product_cat":[63,105,300],"product_tag":[316],"class_list":{"0":"post-14253","1":"product","2":"type-product","3":"status-publish","4":"has-post-thumbnail","6":"product_cat-montres","7":"product_cat-bulova","8":"product_cat-femme","9":"product_tag-bracelet-en-acier-inoxydable","11":"first","12":"instock","13":"taxable","14":"shipping-taxable","15":"purchasable","16":"product-type-simple"},"_links":{"self":[{"href":"https:\/\/www.octeaujoaillier.com\/en\/wp-json\/wp\/v2\/product\/14253"}],"collection":[{"href":"https:\/\/www.octeaujoaillier.com\/en\/wp-json\/wp\/v2\/product"}],"about":[{"href":"https:\/\/www.octeaujoaillier.com\/en\/wp-json\/wp\/v2\/types\/product"}],"replies":[{"embeddable":true,"href":"https:\/\/www.octeaujoaillier.com\/en\/wp-json\/wp\/v2\/comments?post=14253"}],"wp:featuredmedia":[{"embeddable":true,"href":"https:\/\/www.octeaujoaillier.com\/en\/wp-json\/wp\/v2\/media\/14141"}],"wp:attachment":[{"href":"https:\/\/www.octeaujoaillier.com\/en\/wp-json\/wp\/v2\/media?parent=14253"}],"wp:term":[{"taxonomy":"product_brand","embeddable":true,"href":"https:\/\/www.octeaujoaillier.com\/en\/wp-json\/wp\/v2\/product_brand?post=14253"},{"taxonomy":"product_cat","embeddable":true,"href":"https:\/\/www.octeaujoaillier.com\/en\/wp-json\/wp\/v2\/product_cat?post=14253"},{"taxonomy":"product_tag","embeddable":true,"href":"https:\/\/www.octeaujoaillier.com\/en\/wp-json\/wp\/v2\/product_tag?post=14253"}],"curies":[{"name":"wp","href":"https:\/\/api.w.org\/{rel}","templated":true}]}}