{"id":16702,"date":"2021-03-23T14:42:19","date_gmt":"2021-03-23T18:42:19","guid":{"rendered":"https:\/\/www.octeaujoaillier.com\/?post_type=product&#038;p=16702"},"modified":"2023-05-04T16:12:52","modified_gmt":"2023-05-04T20:12:52","slug":"jonc-tungsten-pour-homme-malo-5","status":"publish","type":"product","link":"https:\/\/www.octeaujoaillier.com\/en\/boutique\/bagues\/jonc-tungsten-pour-homme-malo-5\/","title":{"rendered":"Jonc tungst\u00e8ne Malo pour homme"},"content":{"rendered":"<ul>\n<li>Mat\u00e9riel:tungst\u00e8ne<\/li>\n<li>Largeur:8 mm<\/li>\n<li>Grandeur:\u00a05 \u00e0 12<\/li>\n<li>Fabriqu\u00e9 au canada<\/li>\n<li>Hypoallerg\u00e9nique<\/li>\n<li>Incassable<\/li>\n<li>Ne terni pas<\/li>\n<li>Garantie \u00e0 vie couvrant tout d\u00e9faut de fabrication<\/li>\n<li>D\u00e9lai de livraison de 2 \u00e0 3 semaines<\/li>\n<\/ul>","protected":false},"excerpt":{"rendered":"<p style=\"text-align: center;\">Ce jonc Malo en tungst\u00e8ne au fini poli miroir avec centre noir, est hypoallerg\u00e8ne et ne ternit pas. Le tungst\u00e8ne offre une r\u00e9sistance et une durabilit\u00e9 in\u00e9gal\u00e9es. Les alliances en tungst\u00e8ne ne contiennent pas d&rsquo;alliages nocifs tels que le nickel qui provoquent des r\u00e9actions allergiques. Tr\u00e8s r\u00e9sistant aux rayures, le tungst\u00e8ne est choix gagnant pour monsieur !<\/p>\n<p style=\"text-align: center;\">Un d\u00e9lai de livraison de 2 \u00e0 3 semaines est requis.<\/p>\n<p style=\"text-align: center;\"><strong>GARANTIE \u00c0 VIE<\/strong><br \/>\nMalo offre une garantie \u00e0 vie qui couvre tout d\u00e9faut de fabrication pendant toute la dur\u00e9e de vie de ses produits.<\/p>","protected":false},"featured_media":16703,"comment_status":"closed","ping_status":"closed","template":"","meta":[],"product_brand":[],"product_cat":[61],"product_tag":[408,547],"class_list":{"0":"post-16702","1":"product","2":"type-product","3":"status-publish","4":"has-post-thumbnail","6":"product_cat-bagues","7":"product_tag-homme","8":"product_tag-tungstene","9":"pa_choix-de-la-taille-1-a-11-173","10":"pa_choix-de-la-taille-1-a-11-174","11":"pa_choix-de-la-taille-1-a-11-175","12":"pa_choix-de-la-taille-1-a-11-176","13":"pa_choix-de-la-taille-1-a-11-177","14":"pa_choix-de-la-taille-1-a-11-503","15":"pa_choix-de-la-taille-1-a-11-504","16":"pa_choix-de-la-taille-1-a-11-505","18":"first","19":"instock","20":"taxable","21":"shipping-taxable","22":"purchasable","23":"product-type-variable","24":"rtwpvg-product"},"_links":{"self":[{"href":"https:\/\/www.octeaujoaillier.com\/en\/wp-json\/wp\/v2\/product\/16702"}],"collection":[{"href":"https:\/\/www.octeaujoaillier.com\/en\/wp-json\/wp\/v2\/product"}],"about":[{"href":"https:\/\/www.octeaujoaillier.com\/en\/wp-json\/wp\/v2\/types\/product"}],"replies":[{"embeddable":true,"href":"https:\/\/www.octeaujoaillier.com\/en\/wp-json\/wp\/v2\/comments?post=16702"}],"wp:featuredmedia":[{"embeddable":true,"href":"https:\/\/www.octeaujoaillier.com\/en\/wp-json\/wp\/v2\/media\/16703"}],"wp:attachment":[{"href":"https:\/\/www.octeaujoaillier.com\/en\/wp-json\/wp\/v2\/media?parent=16702"}],"wp:term":[{"taxonomy":"product_brand","embeddable":true,"href":"https:\/\/www.octeaujoaillier.com\/en\/wp-json\/wp\/v2\/product_brand?post=16702"},{"taxonomy":"product_cat","embeddable":true,"href":"https:\/\/www.octeaujoaillier.com\/en\/wp-json\/wp\/v2\/product_cat?post=16702"},{"taxonomy":"product_tag","embeddable":true,"href":"https:\/\/www.octeaujoaillier.com\/en\/wp-json\/wp\/v2\/product_tag?post=16702"}],"curies":[{"name":"wp","href":"https:\/\/api.w.org\/{rel}","templated":true}]}}