{"id":18557279,"date":"2022-05-06T11:24:41","date_gmt":"2022-05-06T15:24:41","guid":{"rendered":"https:\/\/www.octeaujoaillier.com\/?post_type=product&#038;p=18557279"},"modified":"2025-11-07T10:38:26","modified_gmt":"2025-11-07T15:38:26","slug":"jonc-malo-en-tantalum-pour-homme-3","status":"publish","type":"product","link":"https:\/\/www.octeaujoaillier.com\/en\/boutique\/bagues\/jonc-malo-en-tantalum-pour-homme-3\/","title":{"rendered":"Men's Tantalum Malo Wedding Band"},"content":{"rendered":"<ul>\n<li>Mat\u00e9riel:Tantalum<\/li>\n<li>Largeur:6 mm<\/li>\n<li>\u00c9paisseur:\u00a02 mm<\/li>\n<li>Grandeur:\u00a05 \u00e0 12<\/li>\n<li>Fabriqu\u00e9 au canada<\/li>\n<li>Hypoallerg\u00e9nique<\/li>\n<li>Incassable<\/li>\n<li>Ne terni pas<\/li>\n<li>Garantie \u00e0 vie couvrant tout d\u00e9faut de fabrication<\/li>\n<li>D\u00e9lai de livraison de 2 \u00e0 3 semaines<\/li>\n<\/ul>","protected":false},"excerpt":{"rendered":"<p style=\"text-align: center;\">Ce jonc Malo en tantalum bomb\u00e9 de 6 mm de large angle avec gravure, est hypoallerg\u00e8ne et ne ternit pas. Le tantalum est l\u00e9g\u00e8rement plus fonc\u00e9 que le platine. C\u2019est un m\u00e9tal rare \u00e0 haute durabilit\u00e9. Il est r\u00e9sistants aux rayures et \u00e0 la cassure. Nos alliances en tantalum ont une finition mate parfaite pour quelqu\u2019un qui recherche un look unique et masculin.<br \/>\nUn d\u00e9lai de livraison de 2 \u00e0 3 semaines est requis.<br \/>\n<strong>GARANTIE \u00c0 VIE<\/strong><br \/>\nMalo offre une garantie \u00e0 vie qui couvre tout d\u00e9faut de fabrication pendant toute la dur\u00e9e de vie de ses produits.<\/p>","protected":false},"featured_media":18557334,"comment_status":"closed","ping_status":"closed","template":"","meta":[],"product_brand":[],"product_cat":[61],"product_tag":[408,550],"class_list":{"0":"post-18557279","1":"product","2":"type-product","3":"status-publish","4":"has-post-thumbnail","6":"product_cat-bagues","7":"product_tag-homme","8":"product_tag-tantalum","9":"pa_choix-de-la-taille-1-a-11-173","10":"pa_choix-de-la-taille-1-a-11-174","11":"pa_choix-de-la-taille-1-a-11-175","12":"pa_choix-de-la-taille-1-a-11-176","13":"pa_choix-de-la-taille-1-a-11-177","14":"pa_choix-de-la-taille-1-a-11-503","15":"pa_choix-de-la-taille-1-a-11-504","16":"pa_choix-de-la-taille-1-a-11-505","18":"first","19":"instock","20":"taxable","21":"shipping-taxable","22":"purchasable","23":"product-type-variable","24":"rtwpvg-product"},"_links":{"self":[{"href":"https:\/\/www.octeaujoaillier.com\/en\/wp-json\/wp\/v2\/product\/18557279"}],"collection":[{"href":"https:\/\/www.octeaujoaillier.com\/en\/wp-json\/wp\/v2\/product"}],"about":[{"href":"https:\/\/www.octeaujoaillier.com\/en\/wp-json\/wp\/v2\/types\/product"}],"replies":[{"embeddable":true,"href":"https:\/\/www.octeaujoaillier.com\/en\/wp-json\/wp\/v2\/comments?post=18557279"}],"wp:featuredmedia":[{"embeddable":true,"href":"https:\/\/www.octeaujoaillier.com\/en\/wp-json\/wp\/v2\/media\/18557334"}],"wp:attachment":[{"href":"https:\/\/www.octeaujoaillier.com\/en\/wp-json\/wp\/v2\/media?parent=18557279"}],"wp:term":[{"taxonomy":"product_brand","embeddable":true,"href":"https:\/\/www.octeaujoaillier.com\/en\/wp-json\/wp\/v2\/product_brand?post=18557279"},{"taxonomy":"product_cat","embeddable":true,"href":"https:\/\/www.octeaujoaillier.com\/en\/wp-json\/wp\/v2\/product_cat?post=18557279"},{"taxonomy":"product_tag","embeddable":true,"href":"https:\/\/www.octeaujoaillier.com\/en\/wp-json\/wp\/v2\/product_tag?post=18557279"}],"curies":[{"name":"wp","href":"https:\/\/api.w.org\/{rel}","templated":true}]}}