{"id":25511,"date":"2021-04-14T14:19:51","date_gmt":"2021-04-14T18:19:51","guid":{"rendered":"https:\/\/www.octeaujoaillier.com\/?post_type=product&#038;p=25511"},"modified":"2022-05-11T11:21:09","modified_gmt":"2022-05-11T15:21:09","slug":"jonc-cobalt-pour-homme-malo","status":"publish","type":"product","link":"https:\/\/www.octeaujoaillier.com\/en\/boutique\/bagues\/jonc-cobalt-pour-homme-malo\/","title":{"rendered":"Jonc en cobalt Malo pour homme"},"content":{"rendered":"<ul>\n<li>Mat\u00e9riel:Cobalt<\/li>\n<li>Largeur:6, 7, 8 mm<\/li>\n<li>Grandeur:\u00a05 \u00e0 12<\/li>\n<li>Fabriqu\u00e9 au canada<\/li>\n<li>Hypoallerg\u00e9nique<\/li>\n<li>Incassable<\/li>\n<li>Ne terni pas<\/li>\n<li>Garantie \u00e0 vie couvrant tout d\u00e9faut de fabrication<\/li>\n<li>D\u00e9lai de livraison de 2 \u00e0 3 semaines<\/li>\n<\/ul>","protected":false},"excerpt":{"rendered":"<p style=\"text-align: center;\">Jonc Malo en cobalt, disponible d&rsquo;une largeur de 6, 7 ou 8 mm. Le cobalt offre une r\u00e9sistance et une durabilit\u00e9 in\u00e9gal\u00e9es. Les alliances en cobalt ne contiennent pas d&rsquo;alliages nocifs tels que le nickel qui provoquent des r\u00e9actions allergiques. Il se d\u00e9finit \u00e9galement par sa couleur qui ressemble \u00e0 celle du platine.<\/p>\n<p style=\"text-align: center;\">Un d\u00e9lai de livraison de 2 \u00e0 3 semaines est requis.<\/p>\n<p style=\"text-align: center;\"><strong>GARANTIE \u00c0 VIE<\/strong><br \/>\nMalo offre une garantie \u00e0 vie qui couvre tout d\u00e9faut de fabrication pendant toute la dur\u00e9e de vie de ses produits.<\/p>","protected":false},"featured_media":22908,"comment_status":"closed","ping_status":"closed","template":"","meta":[],"product_brand":[],"product_cat":[61],"product_tag":[449,408],"class_list":{"0":"post-25511","1":"product","2":"type-product","3":"status-publish","4":"has-post-thumbnail","6":"product_cat-bagues","7":"product_tag-cobalt","8":"product_tag-homme","9":"pa_choix-de-la-taille-1-a-11-173","10":"pa_choix-de-la-taille-1-a-11-174","11":"pa_choix-de-la-taille-1-a-11-175","12":"pa_choix-de-la-taille-1-a-11-176","13":"pa_choix-de-la-taille-1-a-11-177","14":"pa_choix-de-la-taille-1-a-11-503","15":"pa_choix-de-la-taille-1-a-11-504","16":"pa_choix-de-la-taille-1-a-11-505","17":"pa_largeur-6-mm","18":"pa_largeur-7-mm","19":"pa_largeur-8-mm","21":"first","22":"instock","23":"taxable","24":"shipping-taxable","25":"purchasable","26":"product-type-variable","27":"rtwpvg-product"},"_links":{"self":[{"href":"https:\/\/www.octeaujoaillier.com\/en\/wp-json\/wp\/v2\/product\/25511"}],"collection":[{"href":"https:\/\/www.octeaujoaillier.com\/en\/wp-json\/wp\/v2\/product"}],"about":[{"href":"https:\/\/www.octeaujoaillier.com\/en\/wp-json\/wp\/v2\/types\/product"}],"replies":[{"embeddable":true,"href":"https:\/\/www.octeaujoaillier.com\/en\/wp-json\/wp\/v2\/comments?post=25511"}],"wp:featuredmedia":[{"embeddable":true,"href":"https:\/\/www.octeaujoaillier.com\/en\/wp-json\/wp\/v2\/media\/22908"}],"wp:attachment":[{"href":"https:\/\/www.octeaujoaillier.com\/en\/wp-json\/wp\/v2\/media?parent=25511"}],"wp:term":[{"taxonomy":"product_brand","embeddable":true,"href":"https:\/\/www.octeaujoaillier.com\/en\/wp-json\/wp\/v2\/product_brand?post=25511"},{"taxonomy":"product_cat","embeddable":true,"href":"https:\/\/www.octeaujoaillier.com\/en\/wp-json\/wp\/v2\/product_cat?post=25511"},{"taxonomy":"product_tag","embeddable":true,"href":"https:\/\/www.octeaujoaillier.com\/en\/wp-json\/wp\/v2\/product_tag?post=25511"}],"curies":[{"name":"wp","href":"https:\/\/api.w.org\/{rel}","templated":true}]}}