{"id":2598494,"date":"2021-07-13T16:28:50","date_gmt":"2021-07-13T20:28:50","guid":{"rendered":"https:\/\/www.octeaujoaillier.com\/?post_type=product&#038;p=2598494"},"modified":"2025-11-07T12:42:15","modified_gmt":"2025-11-07T17:42:15","slug":"montre-citizen-drive-5","status":"publish","type":"product","link":"https:\/\/www.octeaujoaillier.com\/en\/boutique\/montres\/citizen\/montre-citizen-drive-5\/","title":{"rendered":"Montre citizen DRIVE"},"content":{"rendered":"<ul>\n<li>Caliber : E111<\/li>\n<li>Case size\u00a0 : 42 X 42<\/li>\n<li>Case material : Stainless steel<\/li>\n<li>Crystal :  Mineral crystal<\/li>\n<li>Band : Leather<\/li>\n<li>Water resistance : WR100\/10Bar\/333ft (Swimming, Marine Sports)<\/li>\n<li>Waranty: 5 years<\/li>\n<\/ul>\n<p>&nbsp;<\/p>","protected":false},"excerpt":{"rendered":"<p>Jetez un coup d\u2019\u0153il! Le design rafra\u00eechissant de cette montre CTO de la collection DRIVE de CITIZEN\u00ae conf\u00e8re une apparence contemporaine \u00e0 un style simple et classique, parfait pour les membres de la g\u00e9n\u00e9ration du mill\u00e9naire. Montr\u00e9 avec un bo\u00eetier en acier inoxydable, un cadran noir et un bracelet en cuir assorti, ce mod\u00e8le enjoliv\u00e9 de d\u00e9tails verts pr\u00e9sente un bo\u00eetier viss\u00e9 et un indicateur de date. Hydror\u00e9sistante jusqu\u2019\u00e0 100\u00a0m\u00e8tres.<\/p>","protected":false},"featured_media":2693436,"comment_status":"closed","ping_status":"closed","template":"","meta":[],"product_brand":[],"product_cat":[63,186,301,185],"product_tag":[425,468,315,421,423],"class_list":{"0":"post-2598494","1":"product","2":"type-product","3":"status-publish","4":"has-post-thumbnail","6":"product_cat-montres","7":"product_cat-citizen","8":"product_cat-homme","9":"product_cat-soldes","10":"product_tag-bracelet-cuir","11":"product_tag-drive","12":"product_tag-eco-drive","13":"product_tag-noir","14":"product_tag-vert","16":"first","17":"instock","18":"taxable","19":"shipping-taxable","20":"purchasable","21":"product-type-simple"},"_links":{"self":[{"href":"https:\/\/www.octeaujoaillier.com\/en\/wp-json\/wp\/v2\/product\/2598494"}],"collection":[{"href":"https:\/\/www.octeaujoaillier.com\/en\/wp-json\/wp\/v2\/product"}],"about":[{"href":"https:\/\/www.octeaujoaillier.com\/en\/wp-json\/wp\/v2\/types\/product"}],"replies":[{"embeddable":true,"href":"https:\/\/www.octeaujoaillier.com\/en\/wp-json\/wp\/v2\/comments?post=2598494"}],"wp:featuredmedia":[{"embeddable":true,"href":"https:\/\/www.octeaujoaillier.com\/en\/wp-json\/wp\/v2\/media\/2693436"}],"wp:attachment":[{"href":"https:\/\/www.octeaujoaillier.com\/en\/wp-json\/wp\/v2\/media?parent=2598494"}],"wp:term":[{"taxonomy":"product_brand","embeddable":true,"href":"https:\/\/www.octeaujoaillier.com\/en\/wp-json\/wp\/v2\/product_brand?post=2598494"},{"taxonomy":"product_cat","embeddable":true,"href":"https:\/\/www.octeaujoaillier.com\/en\/wp-json\/wp\/v2\/product_cat?post=2598494"},{"taxonomy":"product_tag","embeddable":true,"href":"https:\/\/www.octeaujoaillier.com\/en\/wp-json\/wp\/v2\/product_tag?post=2598494"}],"curies":[{"name":"wp","href":"https:\/\/api.w.org\/{rel}","templated":true}]}}