{"id":2602089,"date":"2021-07-13T17:41:30","date_gmt":"2021-07-13T21:41:30","guid":{"rendered":"https:\/\/www.octeaujoaillier.com\/?post_type=product&#038;p=2602089"},"modified":"2025-11-07T12:40:34","modified_gmt":"2025-11-07T17:40:34","slug":"montre-citizen-promaster-diver","status":"publish","type":"product","link":"https:\/\/www.octeaujoaillier.com\/en\/boutique\/montres\/citizen\/montre-citizen-promaster-diver\/","title":{"rendered":"Montre citizen PROMASTER DIVER"},"content":{"rendered":"<ul>\n<li>Caliber : E168<\/li>\n<li>Case size\u00a0 :  42 X 42<\/li>\n<li>Case material : Stainless steel, gold tone<\/li>\n<li>Crystal :  Mineral crystal<\/li>\n<li>Band\u00a0: Polyur\u00e9thane<\/li>\n<li>Water resistance : 200M\/20Bar (Swimming, Marine Sports, Scuba Diving)<\/li>\n<li>Waranty: 5 years<\/li>\n<\/ul>","protected":false},"excerpt":{"rendered":"<p>La populaire s\u00e9rie PROMASTER Plong\u00e9e professionnelle a \u00e9t\u00e9 remise au go\u00fbt du jour avec de nouvelles touches de couleur. Le bo\u00eetier en acier inoxydable aux teintes or se marie \u00e0 un bracelet en polyur\u00e9thane noir et \u00e0 un \u00e9l\u00e9gant cadran noir. Les aiguilles et les index sont luminescents, de sorte que vous puissiez ais\u00e9ment lire l\u2019heure sous l\u2019eau \u2013 la montre est certifi\u00e9e ISO jusqu\u2019\u00e0 une profondeur de deux cents m\u00e8tres. Antichoc et antireflet, elle est \u00e9galement munie d\u2019une lunette rotative \u00e0 sens unique. Cette montre de plong\u00e9e CITIZEN est aussi attrayante qu\u2019utilitaire. Et ce n\u2019est rien dire du fait qu\u2019elle est aliment\u00e9e par la lumi\u00e8re, gr\u00e2ce \u00e0 la technologie Eco-Drive exclusive \u00e0 CITIZEN. Vous pourrez explorer les mers du monde sans vous soucier de devoir changer une pile. Tout homme qui aime \u00e0 conjuguer forme et fonction appr\u00e9ciera cette montre remarquable.<\/p>","protected":false},"featured_media":2602168,"comment_status":"closed","ping_status":"closed","template":"","meta":[],"product_brand":[],"product_cat":[63,186,301],"product_tag":[426,420,315,421,473],"class_list":{"0":"post-2602089","1":"product","2":"type-product","3":"status-publish","4":"has-post-thumbnail","6":"product_cat-montres","7":"product_cat-citizen","8":"product_cat-homme","9":"product_tag-bracelet-silicone","10":"product_tag-dore","11":"product_tag-eco-drive","12":"product_tag-noir","13":"product_tag-promaster","15":"first","16":"instock","17":"taxable","18":"shipping-taxable","19":"purchasable","20":"product-type-simple"},"_links":{"self":[{"href":"https:\/\/www.octeaujoaillier.com\/en\/wp-json\/wp\/v2\/product\/2602089"}],"collection":[{"href":"https:\/\/www.octeaujoaillier.com\/en\/wp-json\/wp\/v2\/product"}],"about":[{"href":"https:\/\/www.octeaujoaillier.com\/en\/wp-json\/wp\/v2\/types\/product"}],"replies":[{"embeddable":true,"href":"https:\/\/www.octeaujoaillier.com\/en\/wp-json\/wp\/v2\/comments?post=2602089"}],"wp:featuredmedia":[{"embeddable":true,"href":"https:\/\/www.octeaujoaillier.com\/en\/wp-json\/wp\/v2\/media\/2602168"}],"wp:attachment":[{"href":"https:\/\/www.octeaujoaillier.com\/en\/wp-json\/wp\/v2\/media?parent=2602089"}],"wp:term":[{"taxonomy":"product_brand","embeddable":true,"href":"https:\/\/www.octeaujoaillier.com\/en\/wp-json\/wp\/v2\/product_brand?post=2602089"},{"taxonomy":"product_cat","embeddable":true,"href":"https:\/\/www.octeaujoaillier.com\/en\/wp-json\/wp\/v2\/product_cat?post=2602089"},{"taxonomy":"product_tag","embeddable":true,"href":"https:\/\/www.octeaujoaillier.com\/en\/wp-json\/wp\/v2\/product_tag?post=2602089"}],"curies":[{"name":"wp","href":"https:\/\/api.w.org\/{rel}","templated":true}]}}