{"id":34821406,"date":"2023-04-29T14:09:34","date_gmt":"2023-04-29T18:09:34","guid":{"rendered":"https:\/\/www.octeaujoaillier.com\/?post_type=product&#038;p=34821406"},"modified":"2025-11-07T11:56:46","modified_gmt":"2025-11-07T16:56:46","slug":"bague-perle-superposable","status":"publish","type":"product","link":"https:\/\/www.octeaujoaillier.com\/en\/boutique\/bagues\/bague-perle-superposable\/","title":{"rendered":"BAGUE PERL\u00c9 SUPERPOSABLE"},"content":{"rendered":"<p>For all our creations, we use natural stones of ethical origin, recycled gold and everything is made by our team itself.<\/p>","protected":false},"excerpt":{"rendered":"<p>Cette bague perl\u00e9 simple et d\u00e9licate est un incontournable pour votre coffre \u00e0 bijou. Faites votre choix de grandeur et nous la confectionnerons pour vous dans un d\u00e9lai de 3 \u00e0 4 semaines.<\/p>","protected":false},"featured_media":7040337,"comment_status":"closed","ping_status":"closed","template":"","meta":[],"product_brand":[],"product_cat":[61],"product_tag":[198,310],"class_list":{"0":"post-34821406","1":"product","2":"type-product","3":"status-publish","4":"has-post-thumbnail","6":"product_cat-bagues","7":"product_tag-argent","8":"product_tag-femme","9":"pa_choix-de-la-taille-1-a-11-173","10":"pa_choix-de-la-taille-1-a-11-174","11":"pa_choix-de-la-taille-1-a-11-175","12":"pa_choix-de-la-taille-1-a-11-176","13":"pa_choix-de-la-taille-1-a-11-177","15":"first","16":"instock","17":"taxable","18":"shipping-taxable","19":"purchasable","20":"product-type-variable","21":"has-default-attributes","22":"rtwpvg-product"},"_links":{"self":[{"href":"https:\/\/www.octeaujoaillier.com\/en\/wp-json\/wp\/v2\/product\/34821406"}],"collection":[{"href":"https:\/\/www.octeaujoaillier.com\/en\/wp-json\/wp\/v2\/product"}],"about":[{"href":"https:\/\/www.octeaujoaillier.com\/en\/wp-json\/wp\/v2\/types\/product"}],"replies":[{"embeddable":true,"href":"https:\/\/www.octeaujoaillier.com\/en\/wp-json\/wp\/v2\/comments?post=34821406"}],"wp:featuredmedia":[{"embeddable":true,"href":"https:\/\/www.octeaujoaillier.com\/en\/wp-json\/wp\/v2\/media\/7040337"}],"wp:attachment":[{"href":"https:\/\/www.octeaujoaillier.com\/en\/wp-json\/wp\/v2\/media?parent=34821406"}],"wp:term":[{"taxonomy":"product_brand","embeddable":true,"href":"https:\/\/www.octeaujoaillier.com\/en\/wp-json\/wp\/v2\/product_brand?post=34821406"},{"taxonomy":"product_cat","embeddable":true,"href":"https:\/\/www.octeaujoaillier.com\/en\/wp-json\/wp\/v2\/product_cat?post=34821406"},{"taxonomy":"product_tag","embeddable":true,"href":"https:\/\/www.octeaujoaillier.com\/en\/wp-json\/wp\/v2\/product_tag?post=34821406"}],"curies":[{"name":"wp","href":"https:\/\/api.w.org\/{rel}","templated":true}]}}