{"id":9600,"date":"2020-11-19T17:42:29","date_gmt":"2020-11-19T22:42:29","guid":{"rendered":"https:\/\/www.octeaujoaillier.com\/boutique\/non%20class\u00e9\/import-placeholder-for-5485\/"},"modified":"2025-11-10T12:24:21","modified_gmt":"2025-11-10T17:24:21","slug":"montre-citizen-corso-9","status":"publish","type":"product","link":"https:\/\/www.octeaujoaillier.com\/en\/boutique\/montres\/citizen\/montre-citizen-corso-9\/","title":{"rendered":"Montre citizen CORSO"},"content":{"rendered":"<ul>\n<li>Calibre : Eco-drive E011<\/li>\n<li>Case Size : 28 MM<\/li>\n<li>Case material: Two-tone stainless steel<\/li>\n<li>Crystal: mineral glass<\/li>\n<li>Band: Stainless steel and yellow gold tone<\/li>\n<li>Clasp type : Folding clasp with push button<\/li>\n<li>Water resistance : WR100\/10Bar\/333ft (Swimming, Marine Sports)<\/li>\n<li>Waranty: 5 years<\/li>\n<\/ul>","protected":false},"excerpt":{"rendered":"<p><strong>Montre citizen eco-drive pour femme &#8211; CORSO &#8211; en acier inoxydable \u00e0 deux tons avec cadran bleu fonc\u00e9 et indicateur de date<\/strong><\/p>\n<p>Sportive tout en \u00e9tant \u00e9l\u00e9gante, la CITIZEN\u00ae Corso est synonyme de polyvalence. Cette montre est l\u2019ajout parfait \u00e0 toute garde-robe. Mod\u00e8le montr\u00e9 en acier inoxydable \u00e0 deux tons avec cadran bleu fonc\u00e9 et indicateur de date. Hydror\u00e9sistante jusqu\u2019\u00e0 100\u00a0m\u00e8tres.<\/p>","protected":false},"featured_media":12495,"comment_status":"closed","ping_status":"closed","template":"","meta":[],"product_brand":[],"product_cat":[186,300],"product_tag":[418,424,316,420,315],"class_list":{"0":"post-9600","1":"product","2":"type-product","3":"status-publish","4":"has-post-thumbnail","6":"product_cat-citizen","7":"product_cat-femme","8":"product_tag-acier","9":"product_tag-bleu","10":"product_tag-bracelet-en-acier-inoxydable","11":"product_tag-dore","12":"product_tag-eco-drive","14":"first","15":"instock","16":"taxable","17":"shipping-taxable","18":"purchasable","19":"product-type-simple"},"_links":{"self":[{"href":"https:\/\/www.octeaujoaillier.com\/en\/wp-json\/wp\/v2\/product\/9600"}],"collection":[{"href":"https:\/\/www.octeaujoaillier.com\/en\/wp-json\/wp\/v2\/product"}],"about":[{"href":"https:\/\/www.octeaujoaillier.com\/en\/wp-json\/wp\/v2\/types\/product"}],"replies":[{"embeddable":true,"href":"https:\/\/www.octeaujoaillier.com\/en\/wp-json\/wp\/v2\/comments?post=9600"}],"wp:featuredmedia":[{"embeddable":true,"href":"https:\/\/www.octeaujoaillier.com\/en\/wp-json\/wp\/v2\/media\/12495"}],"wp:attachment":[{"href":"https:\/\/www.octeaujoaillier.com\/en\/wp-json\/wp\/v2\/media?parent=9600"}],"wp:term":[{"taxonomy":"product_brand","embeddable":true,"href":"https:\/\/www.octeaujoaillier.com\/en\/wp-json\/wp\/v2\/product_brand?post=9600"},{"taxonomy":"product_cat","embeddable":true,"href":"https:\/\/www.octeaujoaillier.com\/en\/wp-json\/wp\/v2\/product_cat?post=9600"},{"taxonomy":"product_tag","embeddable":true,"href":"https:\/\/www.octeaujoaillier.com\/en\/wp-json\/wp\/v2\/product_tag?post=9600"}],"curies":[{"name":"wp","href":"https:\/\/api.w.org\/{rel}","templated":true}]}}